{"id":1402,"date":"2022-04-01T07:09:43","date_gmt":"2022-04-01T07:09:43","guid":{"rendered":"https:\/\/laundryloungecebu.ph\/?page_id=1402"},"modified":"2022-05-28T19:21:28","modified_gmt":"2022-05-28T19:21:28","slug":"pick-up-schedules","status":"publish","type":"page","link":"https:\/\/laundryloungecebu.ph\/de\/pick-up-schedules\/","title":{"rendered":"Abholzeitpl\u00e4ne"},"content":{"rendered":"<p><strong>Malabuyoc :<\/strong><\/p>\n<p>Montag - Sonntag 7-8 Uhr Zustellung 8-9 Uhr 9 (am selben Tag)<\/p>\n<p><strong>Alegria :<\/strong><\/p>\n<p>Montag - Freitag 8-9 Uhr Zustellung - 8-9 Uhr (n\u00e4chster Tag)<\/p>\n<p><strong>Ginatilan \/ Badian :<\/strong><\/p>\n<p>Bitte rufen Sie im Voraus an, um einen Zeitplan zu erhalten.<\/p>\n<p><strong>Moalboal :<\/strong><\/p>\n<p>*F\u00fcr Abholung und Lieferung innerhalb von Moalboal Area, bitte anrufen:<\/p>\n<p>*Zusatzkosten f\u00fcr Abholung und Lieferung innerhalb von Moalboal Area: Standardpreis: 25 php<\/p>\n<p><strong><br \/>\n\u00d6FFNUNGSZEITEN DER FILIALE : <\/strong><\/p>\n<p>MONTAGS BIS SONNTAGS - 8 UHR BIS 20 UHR<\/p>\n<p>&nbsp;<\/p>\n<p><strong>BEDINGUNGEN UND KONDITIONEN :<\/strong><\/p>\n<ol>\n<li>Die Laundry Station Cebu gibt die W\u00e4sche NICHT ohne den Auftragsschein frei.<\/li>\n<li>Artikel, die nicht innerhalb von 30 Tagen reklamiert werden, werden mit dem doppelten Preis der Dienstleistung berechnet.<\/li>\n<li>Artikel, die nicht innerhalb von 60 Tagen reklamiert werden, werden zur Deckung der Kosten f\u00fcr die erbrachten Dienstleistungen entsorgt.<\/li>\n<li>Laundry Station Cebu haftet nicht f\u00fcr verlorene Gegenst\u00e4nde, sobald der Kunde die W\u00e4sche erhalten hat.<\/li>\n<li>Laundry Station Cebu haftet nicht f\u00fcr Sch\u00e4den, die durch die nat\u00fcrliche Einwirkung von Waschmaschine und Trockner auf die Kleidungsst\u00fccke entstehen. Um solche Vorf\u00e4lle zu vermeiden, sollten die Kunden die Zerbrechlichkeit der Kleidungsst\u00fccke\/spezielle Anweisungen bei der Abgabe angeben.<\/li>\n<li>Laundry Station Cebu haftet nicht f\u00fcr Sch\u00e4den durch Feuer, \u00dcberschwemmung und andere unvorhergesehene Ereignisse, die durch <em>H\u00f6here Gewalt.<\/em><\/li>\n<li>Landry Station Cebu haftet nicht f\u00fcr Sch\u00e4den, die w\u00e4hrend des normalen Waschvorgangs entstehen, wie z.B.: Verlust von Kn\u00f6pfen, R\u00fcckst\u00e4nde in den Taschen, Einlaufen und Verblassen.<\/li>\n<li>Die Haftung f\u00fcr Sch\u00e4den ist auf einen Betrag begrenzt, der das Dreifache (3) des W\u00e4schepreises nicht \u00fcbersteigt.<\/li>\n<li>Laundry Station Cebu beh\u00e4lt sich das Recht vor, die Richtigkeit der zu waschenden Artikel zu \u00fcberpr\u00fcfen und den Kunden innerhalb von 24 Stunden \u00fcber etwaige Unstimmigkeiten zu informieren.<\/li>\n<li>Reklamationen werden nach Ablauf von 24 Stunden ab Lieferdatum nicht mehr ber\u00fccksichtigt.<\/li>\n<li>Wir gew\u00e4hren jedem Kunden 10 Minuten Wartezeit, um sich mit unserem Fahrer zu treffen. Im Falle eines Nichterscheinens, d.h. wenn der Kunde nicht erscheint, um seine W\u00e4sche abzuholen oder seine W\u00e4sche nach der Best\u00e4tigung der Lieferung in Empfang zu nehmen, beh\u00e4lt sich Laundry Station Cebu das Recht vor, den Termin zu stornieren und dem Kunden 200,00 P in Rechnung zu stellen.<\/li>\n<\/ol>","protected":false},"excerpt":{"rendered":"<p>Malabuyoc&nbsp; : Monday- Sunday 7-8 am&nbsp; Delivery&nbsp; 8-9 pm 9 (same-day) Alegria : Monday- Friday&nbsp; 8-9 am&nbsp;&nbsp; Delivery &#8211; 8-9 am (Next day) Ginatilan \/ Badian : Please call&nbsp; ahead of time for a schedule Moalboal : *For Pick up and Delivery within Moalboal Area , please call : *Additional Charges for Pick-up and delivery [&hellip;]<\/p>\n","protected":false},"author":1,"featured_media":0,"parent":0,"menu_order":0,"comment_status":"closed","ping_status":"closed","template":"","meta":{"ngg_post_thumbnail":0,"footnotes":""},"class_list":["post-1402","page","type-page","status-publish","hentry"],"yoast_head":"<!-- This site is optimized with the Yoast SEO plugin v27.1.1 - https:\/\/yoast.com\/product\/yoast-seo-wordpress\/ -->\n<title>Pick-up schedules - Laundry Station Cebu<\/title>\n<meta name=\"description\" content=\"Pick-up schedules and conditions of our laundry service. Store opening hours. Terms and conditions of The Laundry Lounge Cebu.\" \/>\n<meta name=\"robots\" content=\"index, follow, max-snippet:-1, max-image-preview:large, max-video-preview:-1\" \/>\n<link rel=\"canonical\" href=\"https:\/\/laundryloungecebu.ph\/de\/pick-up-schedules\/\" \/>\n<meta property=\"og:locale\" content=\"de_DE\" \/>\n<meta property=\"og:type\" content=\"article\" \/>\n<meta property=\"og:title\" content=\"Pick-up schedules - Laundry Station Cebu\" \/>\n<meta property=\"og:description\" content=\"Pick-up schedules and conditions of our laundry service. Store opening hours. Terms and conditions of The Laundry Lounge Cebu.\" \/>\n<meta property=\"og:url\" content=\"https:\/\/laundryloungecebu.ph\/de\/pick-up-schedules\/\" \/>\n<meta property=\"og:site_name\" content=\"Laundry Station Cebu\" \/>\n<meta property=\"article:modified_time\" content=\"2022-05-28T19:21:28+00:00\" \/>\n<meta name=\"twitter:card\" content=\"summary_large_image\" \/>\n<meta name=\"twitter:label1\" content=\"Gesch\u00e4tzte Lesezeit\" \/>\n\t<meta name=\"twitter:data1\" content=\"2\u00a0Minuten\" \/>\n<script type=\"application\/ld+json\" class=\"yoast-schema-graph\">{\"@context\":\"https:\/\/schema.org\",\"@graph\":[{\"@type\":\"WebPage\",\"@id\":\"https:\/\/laundryloungecebu.ph\/pick-up-schedules\/\",\"url\":\"https:\/\/laundryloungecebu.ph\/pick-up-schedules\/\",\"name\":\"Pick-up schedules - Laundry Station Cebu\",\"isPartOf\":{\"@id\":\"https:\/\/laundryloungecebu.ph\/ko\/#website\"},\"datePublished\":\"2022-04-01T07:09:43+00:00\",\"dateModified\":\"2022-05-28T19:21:28+00:00\",\"description\":\"Pick-up schedules and conditions of our laundry service. Store opening hours. Terms and conditions of The Laundry Lounge Cebu.\",\"breadcrumb\":{\"@id\":\"https:\/\/laundryloungecebu.ph\/pick-up-schedules\/#breadcrumb\"},\"inLanguage\":\"de\",\"potentialAction\":[{\"@type\":\"ReadAction\",\"target\":[\"https:\/\/laundryloungecebu.ph\/pick-up-schedules\/\"]}]},{\"@type\":\"BreadcrumbList\",\"@id\":\"https:\/\/laundryloungecebu.ph\/pick-up-schedules\/#breadcrumb\",\"itemListElement\":[{\"@type\":\"ListItem\",\"position\":1,\"name\":\"Home\",\"item\":\"https:\/\/laundryloungecebu.ph\/\"},{\"@type\":\"ListItem\",\"position\":2,\"name\":\"Pick-up schedules\"}]},{\"@type\":\"WebSite\",\"@id\":\"https:\/\/laundryloungecebu.ph\/ko\/#website\",\"url\":\"https:\/\/laundryloungecebu.ph\/ko\/\",\"name\":\"Laundry Station Cebu\",\"description\":\"The Laundry Lounge Club\",\"potentialAction\":[{\"@type\":\"SearchAction\",\"target\":{\"@type\":\"EntryPoint\",\"urlTemplate\":\"https:\/\/laundryloungecebu.ph\/ko\/?s={search_term_string}\"},\"query-input\":{\"@type\":\"PropertyValueSpecification\",\"valueRequired\":true,\"valueName\":\"search_term_string\"}}],\"inLanguage\":\"de\"}]}<\/script>\n<!-- \/ Yoast SEO plugin. -->","yoast_head_json":{"title":"Pick-up schedules - Laundry Station Cebu","description":"Pick-up schedules and conditions of our laundry service. Store opening hours. Terms and conditions of The Laundry Lounge Cebu.","robots":{"index":"index","follow":"follow","max-snippet":"max-snippet:-1","max-image-preview":"max-image-preview:large","max-video-preview":"max-video-preview:-1"},"canonical":"https:\/\/laundryloungecebu.ph\/de\/pick-up-schedules\/","og_locale":"de_DE","og_type":"article","og_title":"Pick-up schedules - Laundry Station Cebu","og_description":"Pick-up schedules and conditions of our laundry service. Store opening hours. Terms and conditions of The Laundry Lounge Cebu.","og_url":"https:\/\/laundryloungecebu.ph\/de\/pick-up-schedules\/","og_site_name":"Laundry Station Cebu","article_modified_time":"2022-05-28T19:21:28+00:00","twitter_card":"summary_large_image","twitter_misc":{"Gesch\u00e4tzte Lesezeit":"2\u00a0Minuten"},"schema":{"@context":"https:\/\/schema.org","@graph":[{"@type":"WebPage","@id":"https:\/\/laundryloungecebu.ph\/pick-up-schedules\/","url":"https:\/\/laundryloungecebu.ph\/pick-up-schedules\/","name":"Pick-up schedules - Laundry Station Cebu","isPartOf":{"@id":"https:\/\/laundryloungecebu.ph\/ko\/#website"},"datePublished":"2022-04-01T07:09:43+00:00","dateModified":"2022-05-28T19:21:28+00:00","description":"Pick-up schedules and conditions of our laundry service. Store opening hours. Terms and conditions of The Laundry Lounge Cebu.","breadcrumb":{"@id":"https:\/\/laundryloungecebu.ph\/pick-up-schedules\/#breadcrumb"},"inLanguage":"de","potentialAction":[{"@type":"ReadAction","target":["https:\/\/laundryloungecebu.ph\/pick-up-schedules\/"]}]},{"@type":"BreadcrumbList","@id":"https:\/\/laundryloungecebu.ph\/pick-up-schedules\/#breadcrumb","itemListElement":[{"@type":"ListItem","position":1,"name":"Home","item":"https:\/\/laundryloungecebu.ph\/"},{"@type":"ListItem","position":2,"name":"Pick-up schedules"}]},{"@type":"WebSite","@id":"https:\/\/laundryloungecebu.ph\/ko\/#website","url":"https:\/\/laundryloungecebu.ph\/ko\/","name":"W\u00e4scherei-Station Cebu","description":"Der Laundry Lounge Club","potentialAction":[{"@type":"SearchAction","target":{"@type":"EntryPoint","urlTemplate":"https:\/\/laundryloungecebu.ph\/ko\/?s={search_term_string}"},"query-input":{"@type":"PropertyValueSpecification","valueRequired":true,"valueName":"search_term_string"}}],"inLanguage":"de"}]}},"_links":{"self":[{"href":"https:\/\/laundryloungecebu.ph\/de\/wp-json\/wp\/v2\/pages\/1402","targetHints":{"allow":["GET"]}}],"collection":[{"href":"https:\/\/laundryloungecebu.ph\/de\/wp-json\/wp\/v2\/pages"}],"about":[{"href":"https:\/\/laundryloungecebu.ph\/de\/wp-json\/wp\/v2\/types\/page"}],"author":[{"embeddable":true,"href":"https:\/\/laundryloungecebu.ph\/de\/wp-json\/wp\/v2\/users\/1"}],"replies":[{"embeddable":true,"href":"https:\/\/laundryloungecebu.ph\/de\/wp-json\/wp\/v2\/comments?post=1402"}],"version-history":[{"count":4,"href":"https:\/\/laundryloungecebu.ph\/de\/wp-json\/wp\/v2\/pages\/1402\/revisions"}],"predecessor-version":[{"id":1583,"href":"https:\/\/laundryloungecebu.ph\/de\/wp-json\/wp\/v2\/pages\/1402\/revisions\/1583"}],"wp:attachment":[{"href":"https:\/\/laundryloungecebu.ph\/de\/wp-json\/wp\/v2\/media?parent=1402"}],"curies":[{"name":"wp","href":"https:\/\/api.w.org\/{rel}","templated":true}]}}