{"id":1455,"date":"2022-04-12T07:23:13","date_gmt":"2022-04-12T07:23:13","guid":{"rendered":"https:\/\/laundryloungecebu.ph\/?page_id=1455"},"modified":"2025-07-26T12:44:33","modified_gmt":"2025-07-26T12:44:33","slug":"our-story","status":"publish","type":"page","link":"https:\/\/laundryloungecebu.ph\/de\/our-story\/","title":{"rendered":"Unsere Geschichte"},"content":{"rendered":"<p>Eine berufst\u00e4tige Familie, die t\u00e4glich von 7 Uhr morgens bis 17 Uhr abends arbeitet, m\u00fcde nach Hause kommt und sich dabei ertappt, wie sie eine Mahlzeit kocht und das Haus putzt. Dann kommt das Wochenende, an dem wir am Samstag Handw\u00e4sche und am Sonntag B\u00fcgelw\u00e4sche machen m\u00fcssen.<\/p>\n<p>Warum k\u00f6nnen wir nicht andere Menschen sein, die das Wochenende bei einem Picknick genie\u00dfen, ins Einkaufszentrum gehen oder einfach nur auf der Couch sitzen und ein Glas Cola vor dem Fernseher trinken.<\/p>\n<p>Jetzt wollen wir Ihnen die Last des Handwaschens, des Wartens auf das Trocknen der W\u00e4sche und des B\u00fcgelns der Kleidung abnehmen.<\/p>\n<p>In nur 2 Stunden k\u00f6nnen Sie Ihre frische, saubere und trockene Kleidung, Bettw\u00e4sche, Handt\u00fccher und Vorh\u00e4nge aus unserer hochwertigen Waschmaschine und Trockner genie\u00dfen.<\/p>\n<p>Wir hoffen, Ihnen bald zur Verf\u00fcgung zu stehen.<\/p>\n<figure id=\"attachment_1456\" aria-describedby=\"caption-attachment-1456\" style=\"width: 688px\" class=\"wp-caption alignnone\"><img fetchpriority=\"high\" decoding=\"async\" class=\"wp-image-1456\" src=\"https:\/\/laundryloungecebu.ph\/wp-content\/uploads\/2022\/04\/Laundry-Shop-Cebu.jpg\" alt=\"Laundry Shop Cebu\" width=\"688\" height=\"860\" srcset=\"https:\/\/laundryloungecebu.ph\/wp-content\/uploads\/2022\/04\/Laundry-Shop-Cebu.jpg 1440w, https:\/\/laundryloungecebu.ph\/wp-content\/uploads\/2022\/04\/Laundry-Shop-Cebu-240x300.jpg 240w, https:\/\/laundryloungecebu.ph\/wp-content\/uploads\/2022\/04\/Laundry-Shop-Cebu-819x1024.jpg 819w, https:\/\/laundryloungecebu.ph\/wp-content\/uploads\/2022\/04\/Laundry-Shop-Cebu-768x960.jpg 768w, https:\/\/laundryloungecebu.ph\/wp-content\/uploads\/2022\/04\/Laundry-Shop-Cebu-1229x1536.jpg 1229w\" sizes=\"(max-width: 688px) 100vw, 688px\" \/><figcaption id=\"caption-attachment-1456\" class=\"wp-caption-text\">Die Gr\u00fcnderfamilie (von links nach rechts): Marcel, Ruby, Robert, Angelina, Remidios und Migue<\/figcaption><\/figure>\n<p>&nbsp;<\/p>\n<p><em>Zust\u00e4ndigkeiten<\/em><\/p>\n<p>Rubin: T\u00e4glicher Betrieb \/ Management<br \/>\nMarcel: Buchhaltung und Finanzen<br \/>\nMigue: Management, Marketing und Vertrieb<\/p>\n<p>&nbsp;<\/p>\n<p><strong>Mitbegr\u00fcnder Romano:<\/strong><\/p>\n<p>Als ich als digitaler Nomade \/ Expat in Cebu City lebte, machte ich einige negative Erfahrungen mit den \u00f6rtlichen W\u00e4schereien.<br \/>\nEinige verloren Kleidungsst\u00fccke, andere schrumpften.<\/p>\n<p>Nicht mehr <a href=\"https:\/\/www.urbandictionary.com\/define.php?term=orphan%20socks\">Waisensocken<\/a>. Niemand will verwaiste Kleidungsst\u00fccke.<\/p>\n<p>Kleidung kann auf den Philippinen teuer sein.<br \/>\nFast Fashion-Marken k\u00f6nnen sogar sehr teuer sein.<br \/>\nWas f\u00fcr eine Verschwendung, wenn diese Gegenst\u00e4nde schrumpfen oder, noch schlimmer, besch\u00e4digt werden oder verloren gehen.<br \/>\nIm Falle einer Besch\u00e4digung oder eines Verlustes ist es ein ziemliches Kopfzerbrechen, eine volle R\u00fcckerstattung zu erhalten.<\/p>\n<p>Ein weiterer Punkt, der mir aufgefallen ist, ist, dass es im Allgemeinen recht lange dauern kann<br \/>\nauf den Philippinen, damit die W\u00e4sche gewaschen werden kann. Meistens dauert es mindestens 3 Tage,<br \/>\nmanchmal sogar noch l\u00e4nger, vor allem in Zeiten von Feiertagen.<br \/>\nSelbst wenn Sie mehr bezahlen m\u00f6chten, ist dies in den meisten W\u00e4schereien nicht m\u00f6glich.<br \/>\num es etwas schneller zu haben.<\/p>\n<p>Wenn Sie etwas auf dem Markt sehen wollen, das es noch nicht gibt, schaffen Sie es selbst.<br \/>\nBei meinen n\u00e4chsten Reisen auf die Philippinen werde ich nat\u00fcrlich nur noch meiner W\u00e4sche vertrauen.<br \/>\nzu Laundry Lounge Cebu.<\/p>\n<p>Erschwingliche Qualit\u00e4t, zuverl\u00e4ssige und p\u00fcnktliche W\u00e4schereidienste.<\/p>\n<p>Dar\u00fcber hinaus k\u00f6nnte und sollte ein W\u00e4scheladen mehr sein als nur ein Ort, an dem man einen Korb abgibt<br \/>\nund holen Sie das h\u00fcbsch verpackte Paket ab. Die Zeit verbringen, w\u00e4hrend Sie auf Ihren W\u00e4scheservice warten<br \/>\nzu vervollst\u00e4ndigen: \"<span class=\"VIiyi\" lang=\"tl\"><span class=\"JLqJ4b ChMk0b\" data-language-for-alternatives=\"tl\" data-language-to-translate-into=\"en\" data-phrase-index=\"0\" data-number-of-phrases=\"1\"><span class=\"Q4iAWc\">die Umh\u00fcllung der alten Welt mit der neuen Welt der Kartoffeln<\/span><\/span><\/span>&#8220;.<\/p>\n<figure id=\"attachment_1463\" aria-describedby=\"caption-attachment-1463\" style=\"width: 706px\" class=\"wp-caption alignnone\"><img decoding=\"async\" class=\"wp-image-1463\" src=\"https:\/\/laundryloungecebu.ph\/wp-content\/uploads\/2022\/04\/Laundry-Service-Moalboal.jpg\" alt=\"\" width=\"706\" height=\"470\" srcset=\"https:\/\/laundryloungecebu.ph\/wp-content\/uploads\/2022\/04\/Laundry-Service-Moalboal.jpg 2048w, https:\/\/laundryloungecebu.ph\/wp-content\/uploads\/2022\/04\/Laundry-Service-Moalboal-300x200.jpg 300w, https:\/\/laundryloungecebu.ph\/wp-content\/uploads\/2022\/04\/Laundry-Service-Moalboal-1024x682.jpg 1024w, https:\/\/laundryloungecebu.ph\/wp-content\/uploads\/2022\/04\/Laundry-Service-Moalboal-768x511.jpg 768w, https:\/\/laundryloungecebu.ph\/wp-content\/uploads\/2022\/04\/Laundry-Service-Moalboal-1536x1022.jpg 1536w\" sizes=\"(max-width: 706px) 100vw, 706px\" \/><figcaption id=\"caption-attachment-1463\" class=\"wp-caption-text\">Romano sticht auf diesem Bild wie ein wunder Daumen hervor... Nat\u00fcrlich m\u00f6chte er, dass sein kostbares Sinulog-T-Shirt in gutem Zustand erhalten bleibt.<\/figcaption><\/figure>\n<p><em>Zust\u00e4ndigkeiten<\/em><\/p>\n<p>Die Website, die Sie gerade lesen. Und alles, was mit IT zu tun hat.<\/p>","protected":false},"excerpt":{"rendered":"<p>A working family, who works from 7 am to 5 pm daily, coming home tired, finding ourselves cooking a meal and cleaning the house. Then comes the weekend, where we need to do hand laundry on a Saturday and ironing clothes on a Sunday. Why can\u2019t we be other people who enjoys the weekend on [&hellip;]<\/p>\n","protected":false},"author":1,"featured_media":0,"parent":0,"menu_order":0,"comment_status":"closed","ping_status":"closed","template":"","meta":{"ngg_post_thumbnail":0,"footnotes":""},"class_list":["post-1455","page","type-page","status-publish","hentry"],"yoast_head":"<!-- This site is optimized with the Yoast SEO plugin v27.1.1 - https:\/\/yoast.com\/product\/yoast-seo-wordpress\/ -->\n<title>Our story - Laundry Station Cebu<\/title>\n<meta name=\"robots\" content=\"index, follow, max-snippet:-1, max-image-preview:large, max-video-preview:-1\" \/>\n<link rel=\"canonical\" href=\"https:\/\/laundryloungecebu.ph\/de\/our-story\/\" \/>\n<meta property=\"og:locale\" content=\"de_DE\" \/>\n<meta property=\"og:type\" content=\"article\" \/>\n<meta property=\"og:title\" content=\"Our story - Laundry Station Cebu\" \/>\n<meta property=\"og:description\" content=\"A working family, who works from 7 am to 5 pm daily, coming home tired, finding ourselves cooking a meal and cleaning the house. Then comes the weekend, where we need to do hand laundry on a Saturday and ironing clothes on a Sunday. Why can\u2019t we be other people who enjoys the weekend on [&hellip;]\" \/>\n<meta property=\"og:url\" content=\"https:\/\/laundryloungecebu.ph\/de\/our-story\/\" \/>\n<meta property=\"og:site_name\" content=\"Laundry Station Cebu\" \/>\n<meta property=\"article:modified_time\" content=\"2025-07-26T12:44:33+00:00\" \/>\n<meta property=\"og:image\" content=\"https:\/\/laundryloungecebu.ph\/wp-content\/uploads\/2022\/04\/Laundry-Shop-Cebu.jpg\" \/>\n\t<meta property=\"og:image:width\" content=\"1440\" \/>\n\t<meta property=\"og:image:height\" content=\"1800\" \/>\n\t<meta property=\"og:image:type\" content=\"image\/jpeg\" \/>\n<meta name=\"twitter:card\" content=\"summary_large_image\" \/>\n<meta name=\"twitter:label1\" content=\"Gesch\u00e4tzte Lesezeit\" \/>\n\t<meta name=\"twitter:data1\" content=\"3\u00a0Minuten\" \/>\n<script type=\"application\/ld+json\" class=\"yoast-schema-graph\">{\"@context\":\"https:\/\/schema.org\",\"@graph\":[{\"@type\":\"WebPage\",\"@id\":\"https:\/\/laundryloungecebu.ph\/our-story\/\",\"url\":\"https:\/\/laundryloungecebu.ph\/our-story\/\",\"name\":\"Our story - Laundry Station Cebu\",\"isPartOf\":{\"@id\":\"https:\/\/laundryloungecebu.ph\/ko\/#website\"},\"primaryImageOfPage\":{\"@id\":\"https:\/\/laundryloungecebu.ph\/our-story\/#primaryimage\"},\"image\":{\"@id\":\"https:\/\/laundryloungecebu.ph\/our-story\/#primaryimage\"},\"thumbnailUrl\":\"https:\/\/laundryloungecebu.ph\/wp-content\/uploads\/2022\/04\/Laundry-Shop-Cebu.jpg\",\"datePublished\":\"2022-04-12T07:23:13+00:00\",\"dateModified\":\"2025-07-26T12:44:33+00:00\",\"breadcrumb\":{\"@id\":\"https:\/\/laundryloungecebu.ph\/our-story\/#breadcrumb\"},\"inLanguage\":\"de\",\"potentialAction\":[{\"@type\":\"ReadAction\",\"target\":[\"https:\/\/laundryloungecebu.ph\/our-story\/\"]}]},{\"@type\":\"ImageObject\",\"inLanguage\":\"de\",\"@id\":\"https:\/\/laundryloungecebu.ph\/our-story\/#primaryimage\",\"url\":\"https:\/\/laundryloungecebu.ph\/wp-content\/uploads\/2022\/04\/Laundry-Shop-Cebu.jpg\",\"contentUrl\":\"https:\/\/laundryloungecebu.ph\/wp-content\/uploads\/2022\/04\/Laundry-Shop-Cebu.jpg\"},{\"@type\":\"BreadcrumbList\",\"@id\":\"https:\/\/laundryloungecebu.ph\/our-story\/#breadcrumb\",\"itemListElement\":[{\"@type\":\"ListItem\",\"position\":1,\"name\":\"Home\",\"item\":\"https:\/\/laundryloungecebu.ph\/\"},{\"@type\":\"ListItem\",\"position\":2,\"name\":\"Our story\"}]},{\"@type\":\"WebSite\",\"@id\":\"https:\/\/laundryloungecebu.ph\/ko\/#website\",\"url\":\"https:\/\/laundryloungecebu.ph\/ko\/\",\"name\":\"Laundry Station Cebu\",\"description\":\"The Laundry Lounge Club\",\"potentialAction\":[{\"@type\":\"SearchAction\",\"target\":{\"@type\":\"EntryPoint\",\"urlTemplate\":\"https:\/\/laundryloungecebu.ph\/ko\/?s={search_term_string}\"},\"query-input\":{\"@type\":\"PropertyValueSpecification\",\"valueRequired\":true,\"valueName\":\"search_term_string\"}}],\"inLanguage\":\"de\"}]}<\/script>\n<!-- \/ Yoast SEO plugin. -->","yoast_head_json":{"title":"Our story - Laundry Station Cebu","robots":{"index":"index","follow":"follow","max-snippet":"max-snippet:-1","max-image-preview":"max-image-preview:large","max-video-preview":"max-video-preview:-1"},"canonical":"https:\/\/laundryloungecebu.ph\/de\/our-story\/","og_locale":"de_DE","og_type":"article","og_title":"Our story - Laundry Station Cebu","og_description":"A working family, who works from 7 am to 5 pm daily, coming home tired, finding ourselves cooking a meal and cleaning the house. Then comes the weekend, where we need to do hand laundry on a Saturday and ironing clothes on a Sunday. Why can\u2019t we be other people who enjoys the weekend on [&hellip;]","og_url":"https:\/\/laundryloungecebu.ph\/de\/our-story\/","og_site_name":"Laundry Station Cebu","article_modified_time":"2025-07-26T12:44:33+00:00","og_image":[{"width":1440,"height":1800,"url":"https:\/\/laundryloungecebu.ph\/wp-content\/uploads\/2022\/04\/Laundry-Shop-Cebu.jpg","type":"image\/jpeg"}],"twitter_card":"summary_large_image","twitter_misc":{"Gesch\u00e4tzte Lesezeit":"3\u00a0Minuten"},"schema":{"@context":"https:\/\/schema.org","@graph":[{"@type":"WebPage","@id":"https:\/\/laundryloungecebu.ph\/our-story\/","url":"https:\/\/laundryloungecebu.ph\/our-story\/","name":"Our story - Laundry Station Cebu","isPartOf":{"@id":"https:\/\/laundryloungecebu.ph\/ko\/#website"},"primaryImageOfPage":{"@id":"https:\/\/laundryloungecebu.ph\/our-story\/#primaryimage"},"image":{"@id":"https:\/\/laundryloungecebu.ph\/our-story\/#primaryimage"},"thumbnailUrl":"https:\/\/laundryloungecebu.ph\/wp-content\/uploads\/2022\/04\/Laundry-Shop-Cebu.jpg","datePublished":"2022-04-12T07:23:13+00:00","dateModified":"2025-07-26T12:44:33+00:00","breadcrumb":{"@id":"https:\/\/laundryloungecebu.ph\/our-story\/#breadcrumb"},"inLanguage":"de","potentialAction":[{"@type":"ReadAction","target":["https:\/\/laundryloungecebu.ph\/our-story\/"]}]},{"@type":"ImageObject","inLanguage":"de","@id":"https:\/\/laundryloungecebu.ph\/our-story\/#primaryimage","url":"https:\/\/laundryloungecebu.ph\/wp-content\/uploads\/2022\/04\/Laundry-Shop-Cebu.jpg","contentUrl":"https:\/\/laundryloungecebu.ph\/wp-content\/uploads\/2022\/04\/Laundry-Shop-Cebu.jpg"},{"@type":"BreadcrumbList","@id":"https:\/\/laundryloungecebu.ph\/our-story\/#breadcrumb","itemListElement":[{"@type":"ListItem","position":1,"name":"Home","item":"https:\/\/laundryloungecebu.ph\/"},{"@type":"ListItem","position":2,"name":"Our story"}]},{"@type":"WebSite","@id":"https:\/\/laundryloungecebu.ph\/ko\/#website","url":"https:\/\/laundryloungecebu.ph\/ko\/","name":"W\u00e4scherei-Station Cebu","description":"Der Laundry Lounge Club","potentialAction":[{"@type":"SearchAction","target":{"@type":"EntryPoint","urlTemplate":"https:\/\/laundryloungecebu.ph\/ko\/?s={search_term_string}"},"query-input":{"@type":"PropertyValueSpecification","valueRequired":true,"valueName":"search_term_string"}}],"inLanguage":"de"}]}},"_links":{"self":[{"href":"https:\/\/laundryloungecebu.ph\/de\/wp-json\/wp\/v2\/pages\/1455","targetHints":{"allow":["GET"]}}],"collection":[{"href":"https:\/\/laundryloungecebu.ph\/de\/wp-json\/wp\/v2\/pages"}],"about":[{"href":"https:\/\/laundryloungecebu.ph\/de\/wp-json\/wp\/v2\/types\/page"}],"author":[{"embeddable":true,"href":"https:\/\/laundryloungecebu.ph\/de\/wp-json\/wp\/v2\/users\/1"}],"replies":[{"embeddable":true,"href":"https:\/\/laundryloungecebu.ph\/de\/wp-json\/wp\/v2\/comments?post=1455"}],"version-history":[{"count":9,"href":"https:\/\/laundryloungecebu.ph\/de\/wp-json\/wp\/v2\/pages\/1455\/revisions"}],"predecessor-version":[{"id":1711,"href":"https:\/\/laundryloungecebu.ph\/de\/wp-json\/wp\/v2\/pages\/1455\/revisions\/1711"}],"wp:attachment":[{"href":"https:\/\/laundryloungecebu.ph\/de\/wp-json\/wp\/v2\/media?parent=1455"}],"curies":[{"name":"wp","href":"https:\/\/api.w.org\/{rel}","templated":true}]}}