{"id":1469,"date":"2022-04-13T18:14:30","date_gmt":"2022-04-13T18:14:30","guid":{"rendered":"https:\/\/laundryloungecebu.ph\/?page_id=1469"},"modified":"2022-04-13T18:14:30","modified_gmt":"2022-04-13T18:14:30","slug":"equipment","status":"publish","type":"page","link":"https:\/\/laundryloungecebu.ph\/de\/equipment\/","title":{"rendered":"Ausr\u00fcstung"},"content":{"rendered":"<p>Gesundheit ist unsere oberste Priorit\u00e4t, nicht nur k\u00f6rperlich, sondern auch geistig. Mit unserer laufenden Covid-19 Pandemie hat LG eine L\u00f6sung f\u00fcr Ihre Kleidung, Bettbez\u00fcge, Vorh\u00e4nge, Handt\u00fccher usw. gefunden. Deshalb stellen wir Ihnen unseren ONYX Giant C Max vor, eines der besten und neuesten Modelle auf dem heutigen Markt.<\/p>\n<p>Die ONYX Giant C Max Modelle wurden im Vergleich zu den Vorg\u00e4ngermodellen mit mehr D\u00e4mpfern f\u00fcr schnelleres und ausgeglicheneres Waschen ausgestattet.<br \/>\nDer Giant C Max verf\u00fcgt au\u00dferdem \u00fcber eine Hygienefunktion, die mit warmem Wasser gr\u00fcndlich gewaschen wird, um Viren und Bakterien abzut\u00f6ten - LGs L\u00f6sung f\u00fcr die Pandemie.<\/p>\n<p>Ja, und das ist noch nicht alles! Wir verwenden eine Vielzahl von Waschmitteln und Weichsp\u00fclern, die hypoallergen und antibakteriell sind! Sicher f\u00fcr Ihre Kinder und f\u00fcr Tierfreunde.<\/p>\n<p>&nbsp;<\/p>\n<p><img fetchpriority=\"high\" decoding=\"async\" class=\"alignnone wp-image-1470\" src=\"https:\/\/laundryloungecebu.ph\/wp-content\/uploads\/2022\/04\/Laundry-equipment.png\" alt=\"Laundry equipment\" width=\"859\" height=\"1215\" srcset=\"https:\/\/laundryloungecebu.ph\/wp-content\/uploads\/2022\/04\/Laundry-equipment.png 1414w, https:\/\/laundryloungecebu.ph\/wp-content\/uploads\/2022\/04\/Laundry-equipment-212x300.png 212w, https:\/\/laundryloungecebu.ph\/wp-content\/uploads\/2022\/04\/Laundry-equipment-724x1024.png 724w, https:\/\/laundryloungecebu.ph\/wp-content\/uploads\/2022\/04\/Laundry-equipment-768x1086.png 768w, https:\/\/laundryloungecebu.ph\/wp-content\/uploads\/2022\/04\/Laundry-equipment-1086x1536.png 1086w\" sizes=\"(max-width: 859px) 100vw, 859px\" \/><\/p>","protected":false},"excerpt":{"rendered":"<p>Health is our main priority, not only physically but also mentally. With our ongoing\u00a0 Covid-19 Pandemic, LG found a solution for your clothing, bedcovers, curtains, towels and etc. Therefore we introduce to you our ONYX Giant C Max, one of the best and the latest models in the market today. The ONYX Giant C Max [&hellip;]<\/p>\n","protected":false},"author":1,"featured_media":0,"parent":0,"menu_order":0,"comment_status":"closed","ping_status":"closed","template":"","meta":{"ngg_post_thumbnail":0,"footnotes":""},"class_list":["post-1469","page","type-page","status-publish","hentry"],"yoast_head":"<!-- This site is optimized with the Yoast SEO plugin v27.1.1 - https:\/\/yoast.com\/product\/yoast-seo-wordpress\/ -->\n<title>Equipment - Laundry Station Cebu<\/title>\n<meta name=\"robots\" content=\"index, follow, max-snippet:-1, max-image-preview:large, max-video-preview:-1\" \/>\n<link rel=\"canonical\" href=\"https:\/\/laundryloungecebu.ph\/de\/equipment\/\" \/>\n<meta property=\"og:locale\" content=\"de_DE\" \/>\n<meta property=\"og:type\" content=\"article\" \/>\n<meta property=\"og:title\" content=\"Equipment - Laundry Station Cebu\" \/>\n<meta property=\"og:description\" content=\"Health is our main priority, not only physically but also mentally. With our ongoing\u00a0 Covid-19 Pandemic, LG found a solution for your clothing, bedcovers, curtains, towels and etc. Therefore we introduce to you our ONYX Giant C Max, one of the best and the latest models in the market today. The ONYX Giant C Max [&hellip;]\" \/>\n<meta property=\"og:url\" content=\"https:\/\/laundryloungecebu.ph\/de\/equipment\/\" \/>\n<meta property=\"og:site_name\" content=\"Laundry Station Cebu\" \/>\n<meta property=\"og:image\" content=\"https:\/\/laundryloungecebu.ph\/wp-content\/uploads\/2022\/04\/Laundry-equipment.png\" \/>\n<meta name=\"twitter:card\" content=\"summary_large_image\" \/>\n<meta name=\"twitter:label1\" content=\"Gesch\u00e4tzte Lesezeit\" \/>\n\t<meta name=\"twitter:data1\" content=\"1\u00a0Minute\" \/>\n<script type=\"application\/ld+json\" class=\"yoast-schema-graph\">{\"@context\":\"https:\/\/schema.org\",\"@graph\":[{\"@type\":\"WebPage\",\"@id\":\"https:\/\/laundryloungecebu.ph\/equipment\/\",\"url\":\"https:\/\/laundryloungecebu.ph\/equipment\/\",\"name\":\"Equipment - Laundry Station Cebu\",\"isPartOf\":{\"@id\":\"https:\/\/laundryloungecebu.ph\/ko\/#website\"},\"primaryImageOfPage\":{\"@id\":\"https:\/\/laundryloungecebu.ph\/equipment\/#primaryimage\"},\"image\":{\"@id\":\"https:\/\/laundryloungecebu.ph\/equipment\/#primaryimage\"},\"thumbnailUrl\":\"https:\/\/laundryloungecebu.ph\/wp-content\/uploads\/2022\/04\/Laundry-equipment.png\",\"datePublished\":\"2022-04-13T18:14:30+00:00\",\"breadcrumb\":{\"@id\":\"https:\/\/laundryloungecebu.ph\/equipment\/#breadcrumb\"},\"inLanguage\":\"de\",\"potentialAction\":[{\"@type\":\"ReadAction\",\"target\":[\"https:\/\/laundryloungecebu.ph\/equipment\/\"]}]},{\"@type\":\"ImageObject\",\"inLanguage\":\"de\",\"@id\":\"https:\/\/laundryloungecebu.ph\/equipment\/#primaryimage\",\"url\":\"https:\/\/laundryloungecebu.ph\/wp-content\/uploads\/2022\/04\/Laundry-equipment.png\",\"contentUrl\":\"https:\/\/laundryloungecebu.ph\/wp-content\/uploads\/2022\/04\/Laundry-equipment.png\"},{\"@type\":\"BreadcrumbList\",\"@id\":\"https:\/\/laundryloungecebu.ph\/equipment\/#breadcrumb\",\"itemListElement\":[{\"@type\":\"ListItem\",\"position\":1,\"name\":\"Home\",\"item\":\"https:\/\/laundryloungecebu.ph\/\"},{\"@type\":\"ListItem\",\"position\":2,\"name\":\"Equipment\"}]},{\"@type\":\"WebSite\",\"@id\":\"https:\/\/laundryloungecebu.ph\/ko\/#website\",\"url\":\"https:\/\/laundryloungecebu.ph\/ko\/\",\"name\":\"Laundry Station Cebu\",\"description\":\"The Laundry Lounge Club\",\"potentialAction\":[{\"@type\":\"SearchAction\",\"target\":{\"@type\":\"EntryPoint\",\"urlTemplate\":\"https:\/\/laundryloungecebu.ph\/ko\/?s={search_term_string}\"},\"query-input\":{\"@type\":\"PropertyValueSpecification\",\"valueRequired\":true,\"valueName\":\"search_term_string\"}}],\"inLanguage\":\"de\"}]}<\/script>\n<!-- \/ Yoast SEO plugin. -->","yoast_head_json":{"title":"Equipment - Laundry Station Cebu","robots":{"index":"index","follow":"follow","max-snippet":"max-snippet:-1","max-image-preview":"max-image-preview:large","max-video-preview":"max-video-preview:-1"},"canonical":"https:\/\/laundryloungecebu.ph\/de\/equipment\/","og_locale":"de_DE","og_type":"article","og_title":"Equipment - Laundry Station Cebu","og_description":"Health is our main priority, not only physically but also mentally. With our ongoing\u00a0 Covid-19 Pandemic, LG found a solution for your clothing, bedcovers, curtains, towels and etc. Therefore we introduce to you our ONYX Giant C Max, one of the best and the latest models in the market today. The ONYX Giant C Max [&hellip;]","og_url":"https:\/\/laundryloungecebu.ph\/de\/equipment\/","og_site_name":"Laundry Station Cebu","og_image":[{"url":"https:\/\/laundryloungecebu.ph\/wp-content\/uploads\/2022\/04\/Laundry-equipment.png","type":"","width":"","height":""}],"twitter_card":"summary_large_image","twitter_misc":{"Gesch\u00e4tzte Lesezeit":"1\u00a0Minute"},"schema":{"@context":"https:\/\/schema.org","@graph":[{"@type":"WebPage","@id":"https:\/\/laundryloungecebu.ph\/equipment\/","url":"https:\/\/laundryloungecebu.ph\/equipment\/","name":"Equipment - Laundry Station Cebu","isPartOf":{"@id":"https:\/\/laundryloungecebu.ph\/ko\/#website"},"primaryImageOfPage":{"@id":"https:\/\/laundryloungecebu.ph\/equipment\/#primaryimage"},"image":{"@id":"https:\/\/laundryloungecebu.ph\/equipment\/#primaryimage"},"thumbnailUrl":"https:\/\/laundryloungecebu.ph\/wp-content\/uploads\/2022\/04\/Laundry-equipment.png","datePublished":"2022-04-13T18:14:30+00:00","breadcrumb":{"@id":"https:\/\/laundryloungecebu.ph\/equipment\/#breadcrumb"},"inLanguage":"de","potentialAction":[{"@type":"ReadAction","target":["https:\/\/laundryloungecebu.ph\/equipment\/"]}]},{"@type":"ImageObject","inLanguage":"de","@id":"https:\/\/laundryloungecebu.ph\/equipment\/#primaryimage","url":"https:\/\/laundryloungecebu.ph\/wp-content\/uploads\/2022\/04\/Laundry-equipment.png","contentUrl":"https:\/\/laundryloungecebu.ph\/wp-content\/uploads\/2022\/04\/Laundry-equipment.png"},{"@type":"BreadcrumbList","@id":"https:\/\/laundryloungecebu.ph\/equipment\/#breadcrumb","itemListElement":[{"@type":"ListItem","position":1,"name":"Home","item":"https:\/\/laundryloungecebu.ph\/"},{"@type":"ListItem","position":2,"name":"Equipment"}]},{"@type":"WebSite","@id":"https:\/\/laundryloungecebu.ph\/ko\/#website","url":"https:\/\/laundryloungecebu.ph\/ko\/","name":"W\u00e4scherei-Station Cebu","description":"Der Laundry Lounge Club","potentialAction":[{"@type":"SearchAction","target":{"@type":"EntryPoint","urlTemplate":"https:\/\/laundryloungecebu.ph\/ko\/?s={search_term_string}"},"query-input":{"@type":"PropertyValueSpecification","valueRequired":true,"valueName":"search_term_string"}}],"inLanguage":"de"}]}},"_links":{"self":[{"href":"https:\/\/laundryloungecebu.ph\/de\/wp-json\/wp\/v2\/pages\/1469","targetHints":{"allow":["GET"]}}],"collection":[{"href":"https:\/\/laundryloungecebu.ph\/de\/wp-json\/wp\/v2\/pages"}],"about":[{"href":"https:\/\/laundryloungecebu.ph\/de\/wp-json\/wp\/v2\/types\/page"}],"author":[{"embeddable":true,"href":"https:\/\/laundryloungecebu.ph\/de\/wp-json\/wp\/v2\/users\/1"}],"replies":[{"embeddable":true,"href":"https:\/\/laundryloungecebu.ph\/de\/wp-json\/wp\/v2\/comments?post=1469"}],"version-history":[{"count":1,"href":"https:\/\/laundryloungecebu.ph\/de\/wp-json\/wp\/v2\/pages\/1469\/revisions"}],"predecessor-version":[{"id":1471,"href":"https:\/\/laundryloungecebu.ph\/de\/wp-json\/wp\/v2\/pages\/1469\/revisions\/1471"}],"wp:attachment":[{"href":"https:\/\/laundryloungecebu.ph\/de\/wp-json\/wp\/v2\/media?parent=1469"}],"curies":[{"name":"wp","href":"https:\/\/api.w.org\/{rel}","templated":true}]}}