{"id":1514,"date":"2022-05-01T08:18:12","date_gmt":"2022-05-01T08:18:12","guid":{"rendered":"https:\/\/laundryloungecebu.ph\/?page_id=1514"},"modified":"2022-05-01T08:39:36","modified_gmt":"2022-05-01T08:39:36","slug":"drinks","status":"publish","type":"page","link":"https:\/\/laundryloungecebu.ph\/de\/drinks\/","title":{"rendered":"Getr\u00e4nke"},"content":{"rendered":"<p><img fetchpriority=\"high\" decoding=\"async\" class=\"alignnone wp-image-1515\" src=\"https:\/\/laundryloungecebu.ph\/wp-content\/uploads\/2022\/05\/Refreshments-Moalboal.png\" alt=\"Refreshments Moalboal\" width=\"937\" height=\"1325\" srcset=\"https:\/\/laundryloungecebu.ph\/wp-content\/uploads\/2022\/05\/Refreshments-Moalboal.png 1587w, https:\/\/laundryloungecebu.ph\/wp-content\/uploads\/2022\/05\/Refreshments-Moalboal-212x300.png 212w, https:\/\/laundryloungecebu.ph\/wp-content\/uploads\/2022\/05\/Refreshments-Moalboal-724x1024.png 724w, https:\/\/laundryloungecebu.ph\/wp-content\/uploads\/2022\/05\/Refreshments-Moalboal-768x1086.png 768w, https:\/\/laundryloungecebu.ph\/wp-content\/uploads\/2022\/05\/Refreshments-Moalboal-1086x1536.png 1086w, https:\/\/laundryloungecebu.ph\/wp-content\/uploads\/2022\/05\/Refreshments-Moalboal-1448x2048.png 1448w\" sizes=\"(max-width: 937px) 100vw, 937px\" \/><\/p>\n<p>Ein anstrengender, hei\u00dfer Tag? Oder m\u00f6chten Sie einfach nur ein Getr\u00e4nk genie\u00dfen, w\u00e4hrend Sie darauf warten, dass Ihre W\u00e4sche fertig wird? Seien Sie versichert, dass wir eine gro\u00dfe Auswahl an Erfrischungsgetr\u00e4nken f\u00fcr Sie bereithalten, einschlie\u00dflich, aber nicht beschr\u00e4nkt auf Cola, Zesto, Sprite, S\u00e4fte und Yakult.<\/p>","protected":false},"excerpt":{"rendered":"<p>Ein anstrengender, hei\u00dfer Tag? Oder m\u00f6chten Sie einfach nur ein Getr\u00e4nk genie\u00dfen, w\u00e4hrend Sie darauf warten, dass Ihre W\u00e4sche fertig wird? Seien Sie versichert, dass wir eine gro\u00dfe Auswahl an Erfrischungsgetr\u00e4nken f\u00fcr Sie bereithalten, einschlie\u00dflich, aber nicht beschr\u00e4nkt auf Cola, Zesto, Sprite, S\u00e4fte und Yakult.<\/p>","protected":false},"author":1,"featured_media":0,"parent":0,"menu_order":0,"comment_status":"closed","ping_status":"closed","template":"","meta":{"ngg_post_thumbnail":0,"footnotes":""},"class_list":["post-1514","page","type-page","status-publish","hentry"],"yoast_head":"<!-- This site is optimized with the Yoast SEO plugin v27.1.1 - https:\/\/yoast.com\/product\/yoast-seo-wordpress\/ -->\n<title>Drinks and Refreshments Moalboal<\/title>\n<meta name=\"description\" content=\"Grueling hot day? Or just want to enjoy a drink while waiting for your laundry to be done? We have a wide variety of refreshments available.\" \/>\n<meta name=\"robots\" content=\"index, follow, max-snippet:-1, max-image-preview:large, max-video-preview:-1\" \/>\n<link rel=\"canonical\" href=\"https:\/\/laundryloungecebu.ph\/de\/drinks\/\" \/>\n<meta property=\"og:locale\" content=\"de_DE\" \/>\n<meta property=\"og:type\" content=\"article\" \/>\n<meta property=\"og:title\" content=\"Drinks and Refreshments Moalboal\" \/>\n<meta property=\"og:description\" content=\"Grueling hot day? Or just want to enjoy a drink while waiting for your laundry to be done? We have a wide variety of refreshments available.\" \/>\n<meta property=\"og:url\" content=\"https:\/\/laundryloungecebu.ph\/de\/drinks\/\" \/>\n<meta property=\"og:site_name\" content=\"Laundry Station Cebu\" \/>\n<meta property=\"article:modified_time\" content=\"2022-05-01T08:39:36+00:00\" \/>\n<meta property=\"og:image\" content=\"https:\/\/laundryloungecebu.ph\/wp-content\/uploads\/2022\/05\/Refreshments-Moalboal.png\" \/>\n<meta name=\"twitter:card\" content=\"summary_large_image\" \/>\n<meta name=\"twitter:label1\" content=\"Gesch\u00e4tzte Lesezeit\" \/>\n\t<meta name=\"twitter:data1\" content=\"1\u00a0Minute\" \/>\n<script type=\"application\/ld+json\" class=\"yoast-schema-graph\">{\"@context\":\"https:\/\/schema.org\",\"@graph\":[{\"@type\":\"WebPage\",\"@id\":\"https:\/\/laundryloungecebu.ph\/drinks\/\",\"url\":\"https:\/\/laundryloungecebu.ph\/drinks\/\",\"name\":\"Drinks and Refreshments Moalboal\",\"isPartOf\":{\"@id\":\"https:\/\/laundryloungecebu.ph\/ko\/#website\"},\"primaryImageOfPage\":{\"@id\":\"https:\/\/laundryloungecebu.ph\/drinks\/#primaryimage\"},\"image\":{\"@id\":\"https:\/\/laundryloungecebu.ph\/drinks\/#primaryimage\"},\"thumbnailUrl\":\"https:\/\/laundryloungecebu.ph\/wp-content\/uploads\/2022\/05\/Refreshments-Moalboal.png\",\"datePublished\":\"2022-05-01T08:18:12+00:00\",\"dateModified\":\"2022-05-01T08:39:36+00:00\",\"description\":\"Grueling hot day? Or just want to enjoy a drink while waiting for your laundry to be done? We have a wide variety of refreshments available.\",\"breadcrumb\":{\"@id\":\"https:\/\/laundryloungecebu.ph\/drinks\/#breadcrumb\"},\"inLanguage\":\"de\",\"potentialAction\":[{\"@type\":\"ReadAction\",\"target\":[\"https:\/\/laundryloungecebu.ph\/drinks\/\"]}]},{\"@type\":\"ImageObject\",\"inLanguage\":\"de\",\"@id\":\"https:\/\/laundryloungecebu.ph\/drinks\/#primaryimage\",\"url\":\"https:\/\/laundryloungecebu.ph\/wp-content\/uploads\/2022\/05\/Refreshments-Moalboal.png\",\"contentUrl\":\"https:\/\/laundryloungecebu.ph\/wp-content\/uploads\/2022\/05\/Refreshments-Moalboal.png\"},{\"@type\":\"BreadcrumbList\",\"@id\":\"https:\/\/laundryloungecebu.ph\/drinks\/#breadcrumb\",\"itemListElement\":[{\"@type\":\"ListItem\",\"position\":1,\"name\":\"Home\",\"item\":\"https:\/\/laundryloungecebu.ph\/\"},{\"@type\":\"ListItem\",\"position\":2,\"name\":\"Drinks\"}]},{\"@type\":\"WebSite\",\"@id\":\"https:\/\/laundryloungecebu.ph\/ko\/#website\",\"url\":\"https:\/\/laundryloungecebu.ph\/ko\/\",\"name\":\"Laundry Station Cebu\",\"description\":\"The Laundry Lounge Club\",\"potentialAction\":[{\"@type\":\"SearchAction\",\"target\":{\"@type\":\"EntryPoint\",\"urlTemplate\":\"https:\/\/laundryloungecebu.ph\/ko\/?s={search_term_string}\"},\"query-input\":{\"@type\":\"PropertyValueSpecification\",\"valueRequired\":true,\"valueName\":\"search_term_string\"}}],\"inLanguage\":\"de\"}]}<\/script>\n<!-- \/ Yoast SEO plugin. -->","yoast_head_json":{"title":"Drinks and Refreshments Moalboal","description":"Grueling hot day? Or just want to enjoy a drink while waiting for your laundry to be done? We have a wide variety of refreshments available.","robots":{"index":"index","follow":"follow","max-snippet":"max-snippet:-1","max-image-preview":"max-image-preview:large","max-video-preview":"max-video-preview:-1"},"canonical":"https:\/\/laundryloungecebu.ph\/de\/drinks\/","og_locale":"de_DE","og_type":"article","og_title":"Drinks and Refreshments Moalboal","og_description":"Grueling hot day? Or just want to enjoy a drink while waiting for your laundry to be done? We have a wide variety of refreshments available.","og_url":"https:\/\/laundryloungecebu.ph\/de\/drinks\/","og_site_name":"Laundry Station Cebu","article_modified_time":"2022-05-01T08:39:36+00:00","og_image":[{"url":"https:\/\/laundryloungecebu.ph\/wp-content\/uploads\/2022\/05\/Refreshments-Moalboal.png","type":"","width":"","height":""}],"twitter_card":"summary_large_image","twitter_misc":{"Gesch\u00e4tzte Lesezeit":"1\u00a0Minute"},"schema":{"@context":"https:\/\/schema.org","@graph":[{"@type":"WebPage","@id":"https:\/\/laundryloungecebu.ph\/drinks\/","url":"https:\/\/laundryloungecebu.ph\/drinks\/","name":"Drinks and Refreshments Moalboal","isPartOf":{"@id":"https:\/\/laundryloungecebu.ph\/ko\/#website"},"primaryImageOfPage":{"@id":"https:\/\/laundryloungecebu.ph\/drinks\/#primaryimage"},"image":{"@id":"https:\/\/laundryloungecebu.ph\/drinks\/#primaryimage"},"thumbnailUrl":"https:\/\/laundryloungecebu.ph\/wp-content\/uploads\/2022\/05\/Refreshments-Moalboal.png","datePublished":"2022-05-01T08:18:12+00:00","dateModified":"2022-05-01T08:39:36+00:00","description":"Grueling hot day? Or just want to enjoy a drink while waiting for your laundry to be done? We have a wide variety of refreshments available.","breadcrumb":{"@id":"https:\/\/laundryloungecebu.ph\/drinks\/#breadcrumb"},"inLanguage":"de","potentialAction":[{"@type":"ReadAction","target":["https:\/\/laundryloungecebu.ph\/drinks\/"]}]},{"@type":"ImageObject","inLanguage":"de","@id":"https:\/\/laundryloungecebu.ph\/drinks\/#primaryimage","url":"https:\/\/laundryloungecebu.ph\/wp-content\/uploads\/2022\/05\/Refreshments-Moalboal.png","contentUrl":"https:\/\/laundryloungecebu.ph\/wp-content\/uploads\/2022\/05\/Refreshments-Moalboal.png"},{"@type":"BreadcrumbList","@id":"https:\/\/laundryloungecebu.ph\/drinks\/#breadcrumb","itemListElement":[{"@type":"ListItem","position":1,"name":"Home","item":"https:\/\/laundryloungecebu.ph\/"},{"@type":"ListItem","position":2,"name":"Drinks"}]},{"@type":"WebSite","@id":"https:\/\/laundryloungecebu.ph\/ko\/#website","url":"https:\/\/laundryloungecebu.ph\/ko\/","name":"W\u00e4scherei-Station Cebu","description":"Der Laundry Lounge Club","potentialAction":[{"@type":"SearchAction","target":{"@type":"EntryPoint","urlTemplate":"https:\/\/laundryloungecebu.ph\/ko\/?s={search_term_string}"},"query-input":{"@type":"PropertyValueSpecification","valueRequired":true,"valueName":"search_term_string"}}],"inLanguage":"de"}]}},"_links":{"self":[{"href":"https:\/\/laundryloungecebu.ph\/de\/wp-json\/wp\/v2\/pages\/1514","targetHints":{"allow":["GET"]}}],"collection":[{"href":"https:\/\/laundryloungecebu.ph\/de\/wp-json\/wp\/v2\/pages"}],"about":[{"href":"https:\/\/laundryloungecebu.ph\/de\/wp-json\/wp\/v2\/types\/page"}],"author":[{"embeddable":true,"href":"https:\/\/laundryloungecebu.ph\/de\/wp-json\/wp\/v2\/users\/1"}],"replies":[{"embeddable":true,"href":"https:\/\/laundryloungecebu.ph\/de\/wp-json\/wp\/v2\/comments?post=1514"}],"version-history":[{"count":4,"href":"https:\/\/laundryloungecebu.ph\/de\/wp-json\/wp\/v2\/pages\/1514\/revisions"}],"predecessor-version":[{"id":1521,"href":"https:\/\/laundryloungecebu.ph\/de\/wp-json\/wp\/v2\/pages\/1514\/revisions\/1521"}],"wp:attachment":[{"href":"https:\/\/laundryloungecebu.ph\/de\/wp-json\/wp\/v2\/media?parent=1514"}],"curies":[{"name":"wp","href":"https:\/\/api.w.org\/{rel}","templated":true}]}}