{"id":1392,"date":"2022-03-29T19:11:27","date_gmt":"2022-03-29T19:11:27","guid":{"rendered":"https:\/\/laundryloungecebu.ph\/?page_id=1392"},"modified":"2022-04-04T18:57:50","modified_gmt":"2022-04-04T18:57:50","slug":"mission","status":"publish","type":"page","link":"https:\/\/laundryloungecebu.ph\/es\/mission\/","title":{"rendered":"Misi\u00f3n y visi\u00f3n"},"content":{"rendered":"<p><b>MISI\u00d3N<\/b><\/p>\n<p>Proporcionar un servicio de lavander\u00eda r\u00e1pido y de alta calidad a nuestros clientes a trav\u00e9s de un equipo altamente competente y excelentes lavadoras en un entorno confortable.<\/p>\n<p>&nbsp;<\/p>\n<p><b>VISI\u00d3N<\/b><\/p>\n<p>Ser la primera opci\u00f3n de servicio de lavander\u00eda persiguiendo tanto la excelencia como la comodidad.<\/p>","protected":false},"excerpt":{"rendered":"<p>MISI\u00d3N Proporcionar un servicio de lavander\u00eda r\u00e1pido y de alta calidad a nuestros clientes a trav\u00e9s de un equipo altamente competente y excelentes lavadoras en un entorno confortable.   VISI\u00d3N Ser la primera opci\u00f3n de servicio de lavander\u00eda buscando tanto la excelencia como la comodidad.<\/p>","protected":false},"author":1,"featured_media":1435,"parent":0,"menu_order":0,"comment_status":"closed","ping_status":"closed","template":"","meta":{"ngg_post_thumbnail":0,"footnotes":""},"class_list":["post-1392","page","type-page","status-publish","has-post-thumbnail","hentry"],"yoast_head":"<!-- This site is optimized with the Yoast SEO plugin v27.1.1 - https:\/\/yoast.com\/product\/yoast-seo-wordpress\/ -->\n<title>Mission and vision - Laundry Station Cebu<\/title>\n<meta name=\"robots\" content=\"index, follow, max-snippet:-1, max-image-preview:large, max-video-preview:-1\" \/>\n<link rel=\"canonical\" href=\"https:\/\/laundryloungecebu.ph\/es\/mission\/\" \/>\n<meta property=\"og:locale\" content=\"es_ES\" \/>\n<meta property=\"og:type\" content=\"article\" \/>\n<meta property=\"og:title\" content=\"Mission and vision - Laundry Station Cebu\" \/>\n<meta property=\"og:description\" content=\"MISSION To provide fast and top quality laundry service\u00a0 to our costumers through our highly competent team members and\u00a0 excellent washing machines in a comfortable environment. &nbsp; VISION To be the first choice of laundry service pursuing both excellence and comfort.\" \/>\n<meta property=\"og:url\" content=\"https:\/\/laundryloungecebu.ph\/es\/mission\/\" \/>\n<meta property=\"og:site_name\" content=\"Laundry Station Cebu\" \/>\n<meta property=\"article:modified_time\" content=\"2022-04-04T18:57:50+00:00\" \/>\n<meta property=\"og:image\" content=\"https:\/\/laundryloungecebu.ph\/wp-content\/uploads\/2022\/04\/Laundry-Station-Cebu-banner.png\" \/>\n\t<meta property=\"og:image:width\" content=\"1640\" \/>\n\t<meta property=\"og:image:height\" content=\"924\" \/>\n\t<meta property=\"og:image:type\" content=\"image\/png\" \/>\n<meta name=\"twitter:card\" content=\"summary_large_image\" \/>\n<meta name=\"twitter:label1\" content=\"Tiempo de lectura\" \/>\n\t<meta name=\"twitter:data1\" content=\"1 minuto\" \/>\n<script type=\"application\/ld+json\" class=\"yoast-schema-graph\">{\"@context\":\"https:\/\/schema.org\",\"@graph\":[{\"@type\":\"WebPage\",\"@id\":\"https:\/\/laundryloungecebu.ph\/mission\/\",\"url\":\"https:\/\/laundryloungecebu.ph\/mission\/\",\"name\":\"Mission and vision - Laundry Station Cebu\",\"isPartOf\":{\"@id\":\"https:\/\/laundryloungecebu.ph\/ko\/#website\"},\"primaryImageOfPage\":{\"@id\":\"https:\/\/laundryloungecebu.ph\/mission\/#primaryimage\"},\"image\":{\"@id\":\"https:\/\/laundryloungecebu.ph\/mission\/#primaryimage\"},\"thumbnailUrl\":\"https:\/\/laundryloungecebu.ph\/wp-content\/uploads\/2022\/04\/Laundry-Station-Cebu-banner.png\",\"datePublished\":\"2022-03-29T19:11:27+00:00\",\"dateModified\":\"2022-04-04T18:57:50+00:00\",\"breadcrumb\":{\"@id\":\"https:\/\/laundryloungecebu.ph\/mission\/#breadcrumb\"},\"inLanguage\":\"es\",\"potentialAction\":[{\"@type\":\"ReadAction\",\"target\":[\"https:\/\/laundryloungecebu.ph\/mission\/\"]}]},{\"@type\":\"ImageObject\",\"inLanguage\":\"es\",\"@id\":\"https:\/\/laundryloungecebu.ph\/mission\/#primaryimage\",\"url\":\"https:\/\/laundryloungecebu.ph\/wp-content\/uploads\/2022\/04\/Laundry-Station-Cebu-banner.png\",\"contentUrl\":\"https:\/\/laundryloungecebu.ph\/wp-content\/uploads\/2022\/04\/Laundry-Station-Cebu-banner.png\",\"width\":1640,\"height\":924},{\"@type\":\"BreadcrumbList\",\"@id\":\"https:\/\/laundryloungecebu.ph\/mission\/#breadcrumb\",\"itemListElement\":[{\"@type\":\"ListItem\",\"position\":1,\"name\":\"Home\",\"item\":\"https:\/\/laundryloungecebu.ph\/\"},{\"@type\":\"ListItem\",\"position\":2,\"name\":\"Mission and vision\"}]},{\"@type\":\"WebSite\",\"@id\":\"https:\/\/laundryloungecebu.ph\/ko\/#website\",\"url\":\"https:\/\/laundryloungecebu.ph\/ko\/\",\"name\":\"Laundry Station Cebu\",\"description\":\"The Laundry Lounge Club\",\"potentialAction\":[{\"@type\":\"SearchAction\",\"target\":{\"@type\":\"EntryPoint\",\"urlTemplate\":\"https:\/\/laundryloungecebu.ph\/ko\/?s={search_term_string}\"},\"query-input\":{\"@type\":\"PropertyValueSpecification\",\"valueRequired\":true,\"valueName\":\"search_term_string\"}}],\"inLanguage\":\"es\"}]}<\/script>\n<!-- \/ Yoast SEO plugin. -->","yoast_head_json":{"title":"Mission and vision - Laundry Station Cebu","robots":{"index":"index","follow":"follow","max-snippet":"max-snippet:-1","max-image-preview":"max-image-preview:large","max-video-preview":"max-video-preview:-1"},"canonical":"https:\/\/laundryloungecebu.ph\/es\/mission\/","og_locale":"es_ES","og_type":"article","og_title":"Mission and vision - Laundry Station Cebu","og_description":"MISSION To provide fast and top quality laundry service\u00a0 to our costumers through our highly competent team members and\u00a0 excellent washing machines in a comfortable environment. &nbsp; VISION To be the first choice of laundry service pursuing both excellence and comfort.","og_url":"https:\/\/laundryloungecebu.ph\/es\/mission\/","og_site_name":"Laundry Station Cebu","article_modified_time":"2022-04-04T18:57:50+00:00","og_image":[{"width":1640,"height":924,"url":"https:\/\/laundryloungecebu.ph\/wp-content\/uploads\/2022\/04\/Laundry-Station-Cebu-banner.png","type":"image\/png"}],"twitter_card":"summary_large_image","twitter_misc":{"Tiempo de lectura":"1 minuto"},"schema":{"@context":"https:\/\/schema.org","@graph":[{"@type":"WebPage","@id":"https:\/\/laundryloungecebu.ph\/mission\/","url":"https:\/\/laundryloungecebu.ph\/mission\/","name":"Mission and vision - Laundry Station Cebu","isPartOf":{"@id":"https:\/\/laundryloungecebu.ph\/ko\/#website"},"primaryImageOfPage":{"@id":"https:\/\/laundryloungecebu.ph\/mission\/#primaryimage"},"image":{"@id":"https:\/\/laundryloungecebu.ph\/mission\/#primaryimage"},"thumbnailUrl":"https:\/\/laundryloungecebu.ph\/wp-content\/uploads\/2022\/04\/Laundry-Station-Cebu-banner.png","datePublished":"2022-03-29T19:11:27+00:00","dateModified":"2022-04-04T18:57:50+00:00","breadcrumb":{"@id":"https:\/\/laundryloungecebu.ph\/mission\/#breadcrumb"},"inLanguage":"es","potentialAction":[{"@type":"ReadAction","target":["https:\/\/laundryloungecebu.ph\/mission\/"]}]},{"@type":"ImageObject","inLanguage":"es","@id":"https:\/\/laundryloungecebu.ph\/mission\/#primaryimage","url":"https:\/\/laundryloungecebu.ph\/wp-content\/uploads\/2022\/04\/Laundry-Station-Cebu-banner.png","contentUrl":"https:\/\/laundryloungecebu.ph\/wp-content\/uploads\/2022\/04\/Laundry-Station-Cebu-banner.png","width":1640,"height":924},{"@type":"BreadcrumbList","@id":"https:\/\/laundryloungecebu.ph\/mission\/#breadcrumb","itemListElement":[{"@type":"ListItem","position":1,"name":"Home","item":"https:\/\/laundryloungecebu.ph\/"},{"@type":"ListItem","position":2,"name":"Mission and vision"}]},{"@type":"WebSite","@id":"https:\/\/laundryloungecebu.ph\/ko\/#website","url":"https:\/\/laundryloungecebu.ph\/ko\/","name":"Lavander\u00eda Ceb\u00fa","description":"El Club Laundry Lounge","potentialAction":[{"@type":"SearchAction","target":{"@type":"EntryPoint","urlTemplate":"https:\/\/laundryloungecebu.ph\/ko\/?s={search_term_string}"},"query-input":{"@type":"PropertyValueSpecification","valueRequired":true,"valueName":"search_term_string"}}],"inLanguage":"es"}]}},"_links":{"self":[{"href":"https:\/\/laundryloungecebu.ph\/es\/wp-json\/wp\/v2\/pages\/1392","targetHints":{"allow":["GET"]}}],"collection":[{"href":"https:\/\/laundryloungecebu.ph\/es\/wp-json\/wp\/v2\/pages"}],"about":[{"href":"https:\/\/laundryloungecebu.ph\/es\/wp-json\/wp\/v2\/types\/page"}],"author":[{"embeddable":true,"href":"https:\/\/laundryloungecebu.ph\/es\/wp-json\/wp\/v2\/users\/1"}],"replies":[{"embeddable":true,"href":"https:\/\/laundryloungecebu.ph\/es\/wp-json\/wp\/v2\/comments?post=1392"}],"version-history":[{"count":1,"href":"https:\/\/laundryloungecebu.ph\/es\/wp-json\/wp\/v2\/pages\/1392\/revisions"}],"predecessor-version":[{"id":1393,"href":"https:\/\/laundryloungecebu.ph\/es\/wp-json\/wp\/v2\/pages\/1392\/revisions\/1393"}],"wp:featuredmedia":[{"embeddable":true,"href":"https:\/\/laundryloungecebu.ph\/es\/wp-json\/wp\/v2\/media\/1435"}],"wp:attachment":[{"href":"https:\/\/laundryloungecebu.ph\/es\/wp-json\/wp\/v2\/media?parent=1392"}],"curies":[{"name":"wp","href":"https:\/\/api.w.org\/{rel}","templated":true}]}}