{"id":1402,"date":"2022-04-01T07:09:43","date_gmt":"2022-04-01T07:09:43","guid":{"rendered":"https:\/\/laundryloungecebu.ph\/?page_id=1402"},"modified":"2022-05-28T19:21:28","modified_gmt":"2022-05-28T19:21:28","slug":"pick-up-schedules","status":"publish","type":"page","link":"https:\/\/laundryloungecebu.ph\/es\/pick-up-schedules\/","title":{"rendered":"Horarios de recogida"},"content":{"rendered":"<p><strong>Malabuyoc :<\/strong><\/p>\n<p>Lunes- Domingo 7-8 am Entrega 8-9 pm 9 (mismo d\u00eda)<\/p>\n<p><strong>Alegr\u00eda :<\/strong><\/p>\n<p>Lunes- Viernes 8-9 am Entrega - 8-9 am (D\u00eda siguiente)<\/p>\n<p><strong>Ginatilan \/ Badian :<\/strong><\/p>\n<p>Llame con antelaci\u00f3n para consultar los horarios<\/p>\n<p><strong>Moalboal :<\/strong><\/p>\n<p>*Para recogida y entrega en la zona de Moalboal, llame al :<\/p>\n<p>*Cargos adicionales por recogida y entrega dentro de la zona de Moalboal : Precio est\u00e1ndar : 25 php<\/p>\n<p><strong><br \/>\nHORARIO DE APERTURA DE LA TIENDA : <\/strong><\/p>\n<p>DE LUNES A DOMINGO - DE 8.00 A 20.00 HORAS<\/p>\n<p>&nbsp;<\/p>\n<p><strong>CONDICIONES GENERALES :<\/strong><\/p>\n<ol>\n<li>Laundry Station Cebu NO entregar\u00e1 la ropa sin el albar\u00e1n de pedido.<\/li>\n<li>Los art\u00edculos no reclamados en un plazo de 30 d\u00edas se cobrar\u00e1n al doble del coste del servicio.<\/li>\n<li>Los art\u00edculos no reclamados en un plazo de 60 d\u00edas ser\u00e1n enajenados para cubrir el coste de los servicios prestados.<\/li>\n<li>Laundry Station Cebu no se har\u00e1 responsable de los art\u00edculos perdidos una vez que el cliente reciba la colada.<\/li>\n<li>Laundry Station Cebu no se hace responsable de los da\u00f1os ocasionados a las prendas por los efectos naturales de la lavadora y la secadora. Para evitar tales incidentes, los clientes deben declarar la fragilidad de los art\u00edculos \/ instrucciones especiales durante la entrega.<\/li>\n<li>Laundry Station Cebu no ser\u00e1 responsable de ning\u00fan da\u00f1o en caso de incendio, inundaci\u00f3n y otros acontecimientos imprevistos de p\u00e9rdida a trav\u00e9s de <em>fuerza mayor.<\/em><\/li>\n<li>Landry Station Cebu no se hace responsable de los da\u00f1os ocasionados durante el proceso normal de lavado, tales como, pero no limitados a: p\u00e9rdida de botones, restos en los bolsillos, encogimiento y deste\u00f1ido.<\/li>\n<li>La responsabilidad por p\u00e9rdidas se limita a un importe no superior a tres (3) veces la tarifa de lavander\u00eda.<\/li>\n<li>Laundry Station Cebu se reserva el derecho de confirmar la exactitud de los art\u00edculos para lavander\u00eda e informa al cliente de cualquier discrepancia en un plazo de 24 horas.<\/li>\n<li>No se admitir\u00e1n reclamaciones transcurridas 24 horas desde la fecha de entrega.<\/li>\n<li>Permitimos a cada cliente 10 minutos de tiempo de espera para reunirse con nuestro conductor. En el caso de no presentarse, cuando el cliente no se presenta para enviar su ropa para recoger o recibir su ropa despu\u00e9s de confirmar para la entrega, Laundry Station Cebu se reserva el derecho de cancelar la cita y cobrar al cliente con P200.00.<\/li>\n<\/ol>","protected":false},"excerpt":{"rendered":"<p>Malabuyoc&nbsp; : Monday- Sunday 7-8 am&nbsp; Delivery&nbsp; 8-9 pm 9 (same-day) Alegria : Monday- Friday&nbsp; 8-9 am&nbsp;&nbsp; Delivery &#8211; 8-9 am (Next day) Ginatilan \/ Badian : Please call&nbsp; ahead of time for a schedule Moalboal : *For Pick up and Delivery within Moalboal Area , please call : *Additional Charges for Pick-up and delivery [&hellip;]<\/p>\n","protected":false},"author":1,"featured_media":0,"parent":0,"menu_order":0,"comment_status":"closed","ping_status":"closed","template":"","meta":{"ngg_post_thumbnail":0,"footnotes":""},"class_list":["post-1402","page","type-page","status-publish","hentry"],"yoast_head":"<!-- This site is optimized with the Yoast SEO plugin v27.1.1 - https:\/\/yoast.com\/product\/yoast-seo-wordpress\/ -->\n<title>Pick-up schedules - Laundry Station Cebu<\/title>\n<meta name=\"description\" content=\"Pick-up schedules and conditions of our laundry service. Store opening hours. Terms and conditions of The Laundry Lounge Cebu.\" \/>\n<meta name=\"robots\" content=\"index, follow, max-snippet:-1, max-image-preview:large, max-video-preview:-1\" \/>\n<link rel=\"canonical\" href=\"https:\/\/laundryloungecebu.ph\/es\/pick-up-schedules\/\" \/>\n<meta property=\"og:locale\" content=\"es_ES\" \/>\n<meta property=\"og:type\" content=\"article\" \/>\n<meta property=\"og:title\" content=\"Pick-up schedules - Laundry Station Cebu\" \/>\n<meta property=\"og:description\" content=\"Pick-up schedules and conditions of our laundry service. Store opening hours. Terms and conditions of The Laundry Lounge Cebu.\" \/>\n<meta property=\"og:url\" content=\"https:\/\/laundryloungecebu.ph\/es\/pick-up-schedules\/\" \/>\n<meta property=\"og:site_name\" content=\"Laundry Station Cebu\" \/>\n<meta property=\"article:modified_time\" content=\"2022-05-28T19:21:28+00:00\" \/>\n<meta name=\"twitter:card\" content=\"summary_large_image\" \/>\n<meta name=\"twitter:label1\" content=\"Tiempo de lectura\" \/>\n\t<meta name=\"twitter:data1\" content=\"2 minutos\" \/>\n<script type=\"application\/ld+json\" class=\"yoast-schema-graph\">{\"@context\":\"https:\/\/schema.org\",\"@graph\":[{\"@type\":\"WebPage\",\"@id\":\"https:\/\/laundryloungecebu.ph\/pick-up-schedules\/\",\"url\":\"https:\/\/laundryloungecebu.ph\/pick-up-schedules\/\",\"name\":\"Pick-up schedules - Laundry Station Cebu\",\"isPartOf\":{\"@id\":\"https:\/\/laundryloungecebu.ph\/ko\/#website\"},\"datePublished\":\"2022-04-01T07:09:43+00:00\",\"dateModified\":\"2022-05-28T19:21:28+00:00\",\"description\":\"Pick-up schedules and conditions of our laundry service. Store opening hours. Terms and conditions of The Laundry Lounge Cebu.\",\"breadcrumb\":{\"@id\":\"https:\/\/laundryloungecebu.ph\/pick-up-schedules\/#breadcrumb\"},\"inLanguage\":\"es\",\"potentialAction\":[{\"@type\":\"ReadAction\",\"target\":[\"https:\/\/laundryloungecebu.ph\/pick-up-schedules\/\"]}]},{\"@type\":\"BreadcrumbList\",\"@id\":\"https:\/\/laundryloungecebu.ph\/pick-up-schedules\/#breadcrumb\",\"itemListElement\":[{\"@type\":\"ListItem\",\"position\":1,\"name\":\"Home\",\"item\":\"https:\/\/laundryloungecebu.ph\/\"},{\"@type\":\"ListItem\",\"position\":2,\"name\":\"Pick-up schedules\"}]},{\"@type\":\"WebSite\",\"@id\":\"https:\/\/laundryloungecebu.ph\/ko\/#website\",\"url\":\"https:\/\/laundryloungecebu.ph\/ko\/\",\"name\":\"Laundry Station Cebu\",\"description\":\"The Laundry Lounge Club\",\"potentialAction\":[{\"@type\":\"SearchAction\",\"target\":{\"@type\":\"EntryPoint\",\"urlTemplate\":\"https:\/\/laundryloungecebu.ph\/ko\/?s={search_term_string}\"},\"query-input\":{\"@type\":\"PropertyValueSpecification\",\"valueRequired\":true,\"valueName\":\"search_term_string\"}}],\"inLanguage\":\"es\"}]}<\/script>\n<!-- \/ Yoast SEO plugin. -->","yoast_head_json":{"title":"Pick-up schedules - Laundry Station Cebu","description":"Pick-up schedules and conditions of our laundry service. Store opening hours. Terms and conditions of The Laundry Lounge Cebu.","robots":{"index":"index","follow":"follow","max-snippet":"max-snippet:-1","max-image-preview":"max-image-preview:large","max-video-preview":"max-video-preview:-1"},"canonical":"https:\/\/laundryloungecebu.ph\/es\/pick-up-schedules\/","og_locale":"es_ES","og_type":"article","og_title":"Pick-up schedules - Laundry Station Cebu","og_description":"Pick-up schedules and conditions of our laundry service. Store opening hours. Terms and conditions of The Laundry Lounge Cebu.","og_url":"https:\/\/laundryloungecebu.ph\/es\/pick-up-schedules\/","og_site_name":"Laundry Station Cebu","article_modified_time":"2022-05-28T19:21:28+00:00","twitter_card":"summary_large_image","twitter_misc":{"Tiempo de lectura":"2 minutos"},"schema":{"@context":"https:\/\/schema.org","@graph":[{"@type":"WebPage","@id":"https:\/\/laundryloungecebu.ph\/pick-up-schedules\/","url":"https:\/\/laundryloungecebu.ph\/pick-up-schedules\/","name":"Pick-up schedules - Laundry Station Cebu","isPartOf":{"@id":"https:\/\/laundryloungecebu.ph\/ko\/#website"},"datePublished":"2022-04-01T07:09:43+00:00","dateModified":"2022-05-28T19:21:28+00:00","description":"Pick-up schedules and conditions of our laundry service. Store opening hours. Terms and conditions of The Laundry Lounge Cebu.","breadcrumb":{"@id":"https:\/\/laundryloungecebu.ph\/pick-up-schedules\/#breadcrumb"},"inLanguage":"es","potentialAction":[{"@type":"ReadAction","target":["https:\/\/laundryloungecebu.ph\/pick-up-schedules\/"]}]},{"@type":"BreadcrumbList","@id":"https:\/\/laundryloungecebu.ph\/pick-up-schedules\/#breadcrumb","itemListElement":[{"@type":"ListItem","position":1,"name":"Home","item":"https:\/\/laundryloungecebu.ph\/"},{"@type":"ListItem","position":2,"name":"Pick-up schedules"}]},{"@type":"WebSite","@id":"https:\/\/laundryloungecebu.ph\/ko\/#website","url":"https:\/\/laundryloungecebu.ph\/ko\/","name":"Lavander\u00eda Ceb\u00fa","description":"El Club Laundry Lounge","potentialAction":[{"@type":"SearchAction","target":{"@type":"EntryPoint","urlTemplate":"https:\/\/laundryloungecebu.ph\/ko\/?s={search_term_string}"},"query-input":{"@type":"PropertyValueSpecification","valueRequired":true,"valueName":"search_term_string"}}],"inLanguage":"es"}]}},"_links":{"self":[{"href":"https:\/\/laundryloungecebu.ph\/es\/wp-json\/wp\/v2\/pages\/1402","targetHints":{"allow":["GET"]}}],"collection":[{"href":"https:\/\/laundryloungecebu.ph\/es\/wp-json\/wp\/v2\/pages"}],"about":[{"href":"https:\/\/laundryloungecebu.ph\/es\/wp-json\/wp\/v2\/types\/page"}],"author":[{"embeddable":true,"href":"https:\/\/laundryloungecebu.ph\/es\/wp-json\/wp\/v2\/users\/1"}],"replies":[{"embeddable":true,"href":"https:\/\/laundryloungecebu.ph\/es\/wp-json\/wp\/v2\/comments?post=1402"}],"version-history":[{"count":4,"href":"https:\/\/laundryloungecebu.ph\/es\/wp-json\/wp\/v2\/pages\/1402\/revisions"}],"predecessor-version":[{"id":1583,"href":"https:\/\/laundryloungecebu.ph\/es\/wp-json\/wp\/v2\/pages\/1402\/revisions\/1583"}],"wp:attachment":[{"href":"https:\/\/laundryloungecebu.ph\/es\/wp-json\/wp\/v2\/media?parent=1402"}],"curies":[{"name":"wp","href":"https:\/\/api.w.org\/{rel}","templated":true}]}}