{"id":1437,"date":"2022-04-04T18:50:50","date_gmt":"2022-04-04T18:50:50","guid":{"rendered":"https:\/\/laundryloungecebu.ph\/?page_id=1437"},"modified":"2022-05-08T07:26:15","modified_gmt":"2022-05-08T07:26:15","slug":"terms-and-conditions","status":"publish","type":"page","link":"https:\/\/laundryloungecebu.ph\/es\/terms-and-conditions\/","title":{"rendered":"T\u00e9rminos y condiciones"},"content":{"rendered":"<p><img fetchpriority=\"high\" decoding=\"async\" class=\"alignnone wp-image-1538\" src=\"https:\/\/laundryloungecebu.ph\/wp-content\/uploads\/2022\/05\/Blue-and-Green-Self-Quarantine-Guidelines-Coronavirus-Poster-scaled.jpg\" alt=\"\" width=\"834\" height=\"1251\" srcset=\"https:\/\/laundryloungecebu.ph\/wp-content\/uploads\/2022\/05\/Blue-and-Green-Self-Quarantine-Guidelines-Coronavirus-Poster-scaled.jpg 1707w, https:\/\/laundryloungecebu.ph\/wp-content\/uploads\/2022\/05\/Blue-and-Green-Self-Quarantine-Guidelines-Coronavirus-Poster-200x300.jpg 200w, https:\/\/laundryloungecebu.ph\/wp-content\/uploads\/2022\/05\/Blue-and-Green-Self-Quarantine-Guidelines-Coronavirus-Poster-683x1024.jpg 683w, https:\/\/laundryloungecebu.ph\/wp-content\/uploads\/2022\/05\/Blue-and-Green-Self-Quarantine-Guidelines-Coronavirus-Poster-768x1152.jpg 768w, https:\/\/laundryloungecebu.ph\/wp-content\/uploads\/2022\/05\/Blue-and-Green-Self-Quarantine-Guidelines-Coronavirus-Poster-1024x1536.jpg 1024w, https:\/\/laundryloungecebu.ph\/wp-content\/uploads\/2022\/05\/Blue-and-Green-Self-Quarantine-Guidelines-Coronavirus-Poster-1365x2048.jpg 1365w, https:\/\/laundryloungecebu.ph\/wp-content\/uploads\/2022\/05\/Blue-and-Green-Self-Quarantine-Guidelines-Coronavirus-Poster-8x12.jpg 8w\" sizes=\"(max-width: 834px) 100vw, 834px\" \/><\/p>\n<p><a href=\"https:\/\/laundryloungecebu.ph\/wp-content\/uploads\/2022\/05\/Blue-and-Green-Self-Quarantine-Guidelines-Coronavirus-Poster.pdf\"><strong>PDF descargable de nuestras condiciones generales<\/strong><\/a><\/p>\n<ol>\n<li>Laundry Station Cebu NO entregar\u00e1 la ropa sin el albar\u00e1n de pedido.<\/li>\n<li>Los art\u00edculos no reclamados en un plazo de 30 d\u00edas se cobrar\u00e1n al doble del coste del servicio.<\/li>\n<li>Los art\u00edculos no reclamados en un plazo de 60 d\u00edas ser\u00e1n enajenados para cubrir el coste de los servicios prestados.<\/li>\n<li>Laundry Station Cebu no se har\u00e1 responsable de los art\u00edculos perdidos una vez que el cliente reciba la colada.<\/li>\n<li>Laundry Station Cebu no se hace responsable de los da\u00f1os ocasionados a las prendas por los efectos naturales de la lavadora y la secadora. Para evitar tales incidentes, los clientes deben declarar la fragilidad de los art\u00edculos \/ instrucciones especiales durante la entrega.<\/li>\n<li>Laundry Station Cebu no ser\u00e1 responsable de ning\u00fan da\u00f1o en caso de incendio, inundaci\u00f3n y otros acontecimientos imprevistos de p\u00e9rdida a trav\u00e9s de <em>fuerza mayor.<\/em><\/li>\n<li>Landry Station Cebu no se hace responsable de los da\u00f1os ocasionados durante el proceso normal de lavado, tales como, pero no limitados a: p\u00e9rdida de botones, restos en los bolsillos, encogimiento y deste\u00f1ido.<\/li>\n<li>La responsabilidad por p\u00e9rdidas se limita a un importe no superior a tres (3) veces la tarifa de lavander\u00eda.<\/li>\n<li>Laundry Station Cebu se reserva el derecho de confirmar la exactitud de los art\u00edculos para lavander\u00eda e informa al cliente de cualquier discrepancia en un plazo de 24 horas.<\/li>\n<li>No se admitir\u00e1n reclamaciones transcurridas 24 horas desde la fecha de entrega.<\/li>\n<li>Permitimos a cada cliente 10 minutos de tiempo de espera para reunirse con nuestro conductor. En el caso de no presentarse, cuando el cliente no se presenta para enviar su ropa para recoger o recibir su ropa despu\u00e9s de confirmar para la entrega, Laundry Station Cebu se reserva el derecho de cancelar la cita y cobrar al cliente con P200.00.<\/li>\n<\/ol>","protected":false},"excerpt":{"rendered":"<p>Downloadable PDF of our terms and conditions Laundry Station Cebu will NOT release laundry without the Job Order Slip. Articles not claimed within 30 days will be charged double the cost of service. Articles not claimed within 60 days will be disposed to cover the cost of services rendered. Laundry Station Cebu will not be [&hellip;]<\/p>\n","protected":false},"author":1,"featured_media":0,"parent":0,"menu_order":0,"comment_status":"closed","ping_status":"closed","template":"","meta":{"ngg_post_thumbnail":0,"footnotes":""},"class_list":["post-1437","page","type-page","status-publish","hentry"],"yoast_head":"<!-- This site is optimized with the Yoast SEO plugin v27.1.1 - https:\/\/yoast.com\/product\/yoast-seo-wordpress\/ -->\n<title>Terms and conditions - Laundry Station Cebu<\/title>\n<meta name=\"robots\" content=\"index, follow, max-snippet:-1, max-image-preview:large, max-video-preview:-1\" \/>\n<link rel=\"canonical\" href=\"https:\/\/laundryloungecebu.ph\/es\/terms-and-conditions\/\" \/>\n<meta property=\"og:locale\" content=\"es_ES\" \/>\n<meta property=\"og:type\" content=\"article\" \/>\n<meta property=\"og:title\" content=\"Terms and conditions - Laundry Station Cebu\" \/>\n<meta property=\"og:description\" content=\"Downloadable PDF of our terms and conditions Laundry Station Cebu will NOT release laundry without the Job Order Slip. Articles not claimed within 30 days will be charged double the cost of service. Articles not claimed within 60 days will be disposed to cover the cost of services rendered. Laundry Station Cebu will not be [&hellip;]\" \/>\n<meta property=\"og:url\" content=\"https:\/\/laundryloungecebu.ph\/es\/terms-and-conditions\/\" \/>\n<meta property=\"og:site_name\" content=\"Laundry Station Cebu\" \/>\n<meta property=\"article:modified_time\" content=\"2022-05-08T07:26:15+00:00\" \/>\n<meta property=\"og:image\" content=\"https:\/\/laundryloungecebu.ph\/wp-content\/uploads\/2022\/05\/Blue-and-Green-Self-Quarantine-Guidelines-Coronavirus-Poster-scaled.jpg\" \/>\n<meta name=\"twitter:card\" content=\"summary_large_image\" \/>\n<meta name=\"twitter:label1\" content=\"Tiempo de lectura\" \/>\n\t<meta name=\"twitter:data1\" content=\"2 minutos\" \/>\n<script type=\"application\/ld+json\" class=\"yoast-schema-graph\">{\"@context\":\"https:\/\/schema.org\",\"@graph\":[{\"@type\":\"WebPage\",\"@id\":\"https:\/\/laundryloungecebu.ph\/terms-and-conditions\/\",\"url\":\"https:\/\/laundryloungecebu.ph\/terms-and-conditions\/\",\"name\":\"Terms and conditions - Laundry Station Cebu\",\"isPartOf\":{\"@id\":\"https:\/\/laundryloungecebu.ph\/ko\/#website\"},\"primaryImageOfPage\":{\"@id\":\"https:\/\/laundryloungecebu.ph\/terms-and-conditions\/#primaryimage\"},\"image\":{\"@id\":\"https:\/\/laundryloungecebu.ph\/terms-and-conditions\/#primaryimage\"},\"thumbnailUrl\":\"https:\/\/laundryloungecebu.ph\/wp-content\/uploads\/2022\/05\/Blue-and-Green-Self-Quarantine-Guidelines-Coronavirus-Poster-scaled.jpg\",\"datePublished\":\"2022-04-04T18:50:50+00:00\",\"dateModified\":\"2022-05-08T07:26:15+00:00\",\"breadcrumb\":{\"@id\":\"https:\/\/laundryloungecebu.ph\/terms-and-conditions\/#breadcrumb\"},\"inLanguage\":\"es\",\"potentialAction\":[{\"@type\":\"ReadAction\",\"target\":[\"https:\/\/laundryloungecebu.ph\/terms-and-conditions\/\"]}]},{\"@type\":\"ImageObject\",\"inLanguage\":\"es\",\"@id\":\"https:\/\/laundryloungecebu.ph\/terms-and-conditions\/#primaryimage\",\"url\":\"https:\/\/laundryloungecebu.ph\/wp-content\/uploads\/2022\/05\/Blue-and-Green-Self-Quarantine-Guidelines-Coronavirus-Poster-scaled.jpg\",\"contentUrl\":\"https:\/\/laundryloungecebu.ph\/wp-content\/uploads\/2022\/05\/Blue-and-Green-Self-Quarantine-Guidelines-Coronavirus-Poster-scaled.jpg\"},{\"@type\":\"BreadcrumbList\",\"@id\":\"https:\/\/laundryloungecebu.ph\/terms-and-conditions\/#breadcrumb\",\"itemListElement\":[{\"@type\":\"ListItem\",\"position\":1,\"name\":\"Home\",\"item\":\"https:\/\/laundryloungecebu.ph\/\"},{\"@type\":\"ListItem\",\"position\":2,\"name\":\"Terms and conditions\"}]},{\"@type\":\"WebSite\",\"@id\":\"https:\/\/laundryloungecebu.ph\/ko\/#website\",\"url\":\"https:\/\/laundryloungecebu.ph\/ko\/\",\"name\":\"Laundry Station Cebu\",\"description\":\"The Laundry Lounge Club\",\"potentialAction\":[{\"@type\":\"SearchAction\",\"target\":{\"@type\":\"EntryPoint\",\"urlTemplate\":\"https:\/\/laundryloungecebu.ph\/ko\/?s={search_term_string}\"},\"query-input\":{\"@type\":\"PropertyValueSpecification\",\"valueRequired\":true,\"valueName\":\"search_term_string\"}}],\"inLanguage\":\"es\"}]}<\/script>\n<!-- \/ Yoast SEO plugin. -->","yoast_head_json":{"title":"Terms and conditions - Laundry Station Cebu","robots":{"index":"index","follow":"follow","max-snippet":"max-snippet:-1","max-image-preview":"max-image-preview:large","max-video-preview":"max-video-preview:-1"},"canonical":"https:\/\/laundryloungecebu.ph\/es\/terms-and-conditions\/","og_locale":"es_ES","og_type":"article","og_title":"Terms and conditions - Laundry Station Cebu","og_description":"Downloadable PDF of our terms and conditions Laundry Station Cebu will NOT release laundry without the Job Order Slip. Articles not claimed within 30 days will be charged double the cost of service. Articles not claimed within 60 days will be disposed to cover the cost of services rendered. Laundry Station Cebu will not be [&hellip;]","og_url":"https:\/\/laundryloungecebu.ph\/es\/terms-and-conditions\/","og_site_name":"Laundry Station Cebu","article_modified_time":"2022-05-08T07:26:15+00:00","og_image":[{"url":"https:\/\/laundryloungecebu.ph\/wp-content\/uploads\/2022\/05\/Blue-and-Green-Self-Quarantine-Guidelines-Coronavirus-Poster-scaled.jpg","type":"","width":"","height":""}],"twitter_card":"summary_large_image","twitter_misc":{"Tiempo de lectura":"2 minutos"},"schema":{"@context":"https:\/\/schema.org","@graph":[{"@type":"WebPage","@id":"https:\/\/laundryloungecebu.ph\/terms-and-conditions\/","url":"https:\/\/laundryloungecebu.ph\/terms-and-conditions\/","name":"Terms and conditions - Laundry Station Cebu","isPartOf":{"@id":"https:\/\/laundryloungecebu.ph\/ko\/#website"},"primaryImageOfPage":{"@id":"https:\/\/laundryloungecebu.ph\/terms-and-conditions\/#primaryimage"},"image":{"@id":"https:\/\/laundryloungecebu.ph\/terms-and-conditions\/#primaryimage"},"thumbnailUrl":"https:\/\/laundryloungecebu.ph\/wp-content\/uploads\/2022\/05\/Blue-and-Green-Self-Quarantine-Guidelines-Coronavirus-Poster-scaled.jpg","datePublished":"2022-04-04T18:50:50+00:00","dateModified":"2022-05-08T07:26:15+00:00","breadcrumb":{"@id":"https:\/\/laundryloungecebu.ph\/terms-and-conditions\/#breadcrumb"},"inLanguage":"es","potentialAction":[{"@type":"ReadAction","target":["https:\/\/laundryloungecebu.ph\/terms-and-conditions\/"]}]},{"@type":"ImageObject","inLanguage":"es","@id":"https:\/\/laundryloungecebu.ph\/terms-and-conditions\/#primaryimage","url":"https:\/\/laundryloungecebu.ph\/wp-content\/uploads\/2022\/05\/Blue-and-Green-Self-Quarantine-Guidelines-Coronavirus-Poster-scaled.jpg","contentUrl":"https:\/\/laundryloungecebu.ph\/wp-content\/uploads\/2022\/05\/Blue-and-Green-Self-Quarantine-Guidelines-Coronavirus-Poster-scaled.jpg"},{"@type":"BreadcrumbList","@id":"https:\/\/laundryloungecebu.ph\/terms-and-conditions\/#breadcrumb","itemListElement":[{"@type":"ListItem","position":1,"name":"Home","item":"https:\/\/laundryloungecebu.ph\/"},{"@type":"ListItem","position":2,"name":"Terms and conditions"}]},{"@type":"WebSite","@id":"https:\/\/laundryloungecebu.ph\/ko\/#website","url":"https:\/\/laundryloungecebu.ph\/ko\/","name":"Lavander\u00eda Ceb\u00fa","description":"El Club Laundry Lounge","potentialAction":[{"@type":"SearchAction","target":{"@type":"EntryPoint","urlTemplate":"https:\/\/laundryloungecebu.ph\/ko\/?s={search_term_string}"},"query-input":{"@type":"PropertyValueSpecification","valueRequired":true,"valueName":"search_term_string"}}],"inLanguage":"es"}]}},"_links":{"self":[{"href":"https:\/\/laundryloungecebu.ph\/es\/wp-json\/wp\/v2\/pages\/1437","targetHints":{"allow":["GET"]}}],"collection":[{"href":"https:\/\/laundryloungecebu.ph\/es\/wp-json\/wp\/v2\/pages"}],"about":[{"href":"https:\/\/laundryloungecebu.ph\/es\/wp-json\/wp\/v2\/types\/page"}],"author":[{"embeddable":true,"href":"https:\/\/laundryloungecebu.ph\/es\/wp-json\/wp\/v2\/users\/1"}],"replies":[{"embeddable":true,"href":"https:\/\/laundryloungecebu.ph\/es\/wp-json\/wp\/v2\/comments?post=1437"}],"version-history":[{"count":7,"href":"https:\/\/laundryloungecebu.ph\/es\/wp-json\/wp\/v2\/pages\/1437\/revisions"}],"predecessor-version":[{"id":1542,"href":"https:\/\/laundryloungecebu.ph\/es\/wp-json\/wp\/v2\/pages\/1437\/revisions\/1542"}],"wp:attachment":[{"href":"https:\/\/laundryloungecebu.ph\/es\/wp-json\/wp\/v2\/media?parent=1437"}],"curies":[{"name":"wp","href":"https:\/\/api.w.org\/{rel}","templated":true}]}}