{"id":1455,"date":"2022-04-12T07:23:13","date_gmt":"2022-04-12T07:23:13","guid":{"rendered":"https:\/\/laundryloungecebu.ph\/?page_id=1455"},"modified":"2025-07-26T12:44:33","modified_gmt":"2025-07-26T12:44:33","slug":"our-story","status":"publish","type":"page","link":"https:\/\/laundryloungecebu.ph\/es\/our-story\/","title":{"rendered":"Nuestra historia"},"content":{"rendered":"<p>Una familia trabajadora, que trabaja desde las 7 de la ma\u00f1ana hasta las 5 de la tarde todos los d\u00edas, que llega a casa cansada y se encuentra cocinando la comida y limpiando la casa. Luego llega el fin de semana, en el que hay que hacer la colada a mano un s\u00e1bado y planchar la ropa un domingo.<\/p>\n<p>Por qu\u00e9 no podemos ser otras personas que disfrutan del fin de semana en un picnic, o yendo al centro comercial o simplemente sentados en el sof\u00e1 disfrutando de un vaso de Coca-Cola frente a la televisi\u00f3n.<\/p>\n<p>Ahora queremos quitarle la carga de lavar a mano, esperar a que la ropa se seque y planchar la ropa.<\/p>\n<p>En s\u00f3lo 2 horas, podr\u00e1 disfrutar de su ropa, s\u00e1banas, toallas y cortinas frescas, limpias y secas gracias a nuestra lavadora y secadora de alta calidad.<\/p>\n<p>Espero estar pronto a su servicio.<\/p>\n<figure id=\"attachment_1456\" aria-describedby=\"caption-attachment-1456\" style=\"width: 688px\" class=\"wp-caption alignnone\"><img fetchpriority=\"high\" decoding=\"async\" class=\"wp-image-1456\" src=\"https:\/\/laundryloungecebu.ph\/wp-content\/uploads\/2022\/04\/Laundry-Shop-Cebu.jpg\" alt=\"Laundry Shop Cebu\" width=\"688\" height=\"860\" srcset=\"https:\/\/laundryloungecebu.ph\/wp-content\/uploads\/2022\/04\/Laundry-Shop-Cebu.jpg 1440w, https:\/\/laundryloungecebu.ph\/wp-content\/uploads\/2022\/04\/Laundry-Shop-Cebu-240x300.jpg 240w, https:\/\/laundryloungecebu.ph\/wp-content\/uploads\/2022\/04\/Laundry-Shop-Cebu-819x1024.jpg 819w, https:\/\/laundryloungecebu.ph\/wp-content\/uploads\/2022\/04\/Laundry-Shop-Cebu-768x960.jpg 768w, https:\/\/laundryloungecebu.ph\/wp-content\/uploads\/2022\/04\/Laundry-Shop-Cebu-1229x1536.jpg 1229w\" sizes=\"(max-width: 688px) 100vw, 688px\" \/><figcaption id=\"caption-attachment-1456\" class=\"wp-caption-text\">Familia fundadora (de izquierda a derecha): Marcel, Ruby, Robert, Angelina, Remidios y Migue<\/figcaption><\/figure>\n<p>&nbsp;<\/p>\n<p><em>Responsabilidades<\/em><\/p>\n<p>Rub\u00ed: Operaciones diarias \/ gesti\u00f3n<br \/>\nMarcel: Contabilidad y finanzas<br \/>\nMigue: Gesti\u00f3n, marketing y ventas<\/p>\n<p>&nbsp;<\/p>\n<p><strong>Cofundador Romano:<\/strong><\/p>\n<p>Cuando viv\u00eda en la ciudad de Ceb\u00fa como n\u00f3mada digital \/ expatriado, tuve algunas experiencias negativas con las lavander\u00edas locales.<br \/>\nAlgunos perdieron prendas de vestir, otros se encogieron.<\/p>\n<p>No m\u00e1s <a href=\"https:\/\/www.urbandictionary.com\/define.php?term=orphan%20socks\">calcetines hu\u00e9rfanos<\/a>. Nadie quiere prendas hu\u00e9rfanas.<\/p>\n<p>La ropa puede ser cara en Filipinas.<br \/>\nLas marcas de moda r\u00e1pida pueden llegar a costar mucho.<br \/>\nQu\u00e9 desperdicio es, cuando estos art\u00edculos se encogen o incluso peor se da\u00f1an o se pierden.<br \/>\nEn caso de da\u00f1o o p\u00e9rdida, es todo un quebradero de cabeza conseguir un reembolso completo.<\/p>\n<p>Otro punto doloroso que not\u00e9 es que puede tomar bastante tiempo en general<br \/>\nen Filipinas para que se haga la colada. La mayor\u00eda de las veces, al menos 3 d\u00edas,<br \/>\na veces incluso m\u00e1s tiempo, sobre todo en \u00e9pocas de fiestas.<br \/>\nAunque se quiera pagar m\u00e1s, no es posible en la mayor\u00eda de las lavander\u00edas<br \/>\npara tenerlo un poco m\u00e1s r\u00e1pido.<\/p>\n<p>Cuando quieras ver en el mercado algo que a\u00fan no existe, cr\u00e9alo t\u00fa mismo.<br \/>\nPara mis pr\u00f3ximos viajes a Filipinas, no hace falta decir que s\u00f3lo confiar\u00e9 en mi ropa<br \/>\na Laundry Lounge Cebu.<\/p>\n<p>Hacer asequible un servicio de lavander\u00eda de calidad, fiable y puntual.<\/p>\n<p>Adem\u00e1s, una lavander\u00eda puede y debe ser algo m\u00e1s que un lugar donde dejar una cesta<br \/>\ny recoger el paquete bien envuelto. Pasar tiempo de calidad mientras espera su servicio de lavander\u00eda.<br \/>\npara ser completado: \"<span class=\"VIiyi\" lang=\"tl\"><span class=\"JLqJ4b ChMk0b\" data-language-for-alternatives=\"tl\" data-language-to-translate-into=\"en\" data-phrase-index=\"0\" data-number-of-phrases=\"1\"><span class=\"Q4iAWc\">el juego de la vida en la tierra es el mismo que el de la vida en la tierra.<\/span><\/span><\/span>&#8220;.<\/p>\n<figure id=\"attachment_1463\" aria-describedby=\"caption-attachment-1463\" style=\"width: 706px\" class=\"wp-caption alignnone\"><img decoding=\"async\" class=\"wp-image-1463\" src=\"https:\/\/laundryloungecebu.ph\/wp-content\/uploads\/2022\/04\/Laundry-Service-Moalboal.jpg\" alt=\"\" width=\"706\" height=\"470\" srcset=\"https:\/\/laundryloungecebu.ph\/wp-content\/uploads\/2022\/04\/Laundry-Service-Moalboal.jpg 2048w, https:\/\/laundryloungecebu.ph\/wp-content\/uploads\/2022\/04\/Laundry-Service-Moalboal-300x200.jpg 300w, https:\/\/laundryloungecebu.ph\/wp-content\/uploads\/2022\/04\/Laundry-Service-Moalboal-1024x682.jpg 1024w, https:\/\/laundryloungecebu.ph\/wp-content\/uploads\/2022\/04\/Laundry-Service-Moalboal-768x511.jpg 768w, https:\/\/laundryloungecebu.ph\/wp-content\/uploads\/2022\/04\/Laundry-Service-Moalboal-1536x1022.jpg 1536w\" sizes=\"(max-width: 706px) 100vw, 706px\" \/><figcaption id=\"caption-attachment-1463\" class=\"wp-caption-text\">Romano sobresale como un pulgar dolorido en esta foto... No hace falta decir que quiere que su preciosa camiseta de Sinulog se conserve en buen estado.<\/figcaption><\/figure>\n<p><em>Responsabilidades<\/em><\/p>\n<p>El sitio web que est\u00e1 leyendo ahora. Y todo lo relacionado con la inform\u00e1tica.<\/p>","protected":false},"excerpt":{"rendered":"<p>A working family, who works from 7 am to 5 pm daily, coming home tired, finding ourselves cooking a meal and cleaning the house. Then comes the weekend, where we need to do hand laundry on a Saturday and ironing clothes on a Sunday. Why can\u2019t we be other people who enjoys the weekend on [&hellip;]<\/p>\n","protected":false},"author":1,"featured_media":0,"parent":0,"menu_order":0,"comment_status":"closed","ping_status":"closed","template":"","meta":{"ngg_post_thumbnail":0,"footnotes":""},"class_list":["post-1455","page","type-page","status-publish","hentry"],"yoast_head":"<!-- This site is optimized with the Yoast SEO plugin v27.1.1 - https:\/\/yoast.com\/product\/yoast-seo-wordpress\/ -->\n<title>Our story - Laundry Station Cebu<\/title>\n<meta name=\"robots\" content=\"index, follow, max-snippet:-1, max-image-preview:large, max-video-preview:-1\" \/>\n<link rel=\"canonical\" href=\"https:\/\/laundryloungecebu.ph\/es\/our-story\/\" \/>\n<meta property=\"og:locale\" content=\"es_ES\" \/>\n<meta property=\"og:type\" content=\"article\" \/>\n<meta property=\"og:title\" content=\"Our story - Laundry Station Cebu\" \/>\n<meta property=\"og:description\" content=\"A working family, who works from 7 am to 5 pm daily, coming home tired, finding ourselves cooking a meal and cleaning the house. Then comes the weekend, where we need to do hand laundry on a Saturday and ironing clothes on a Sunday. Why can\u2019t we be other people who enjoys the weekend on [&hellip;]\" \/>\n<meta property=\"og:url\" content=\"https:\/\/laundryloungecebu.ph\/es\/our-story\/\" \/>\n<meta property=\"og:site_name\" content=\"Laundry Station Cebu\" \/>\n<meta property=\"article:modified_time\" content=\"2025-07-26T12:44:33+00:00\" \/>\n<meta property=\"og:image\" content=\"https:\/\/laundryloungecebu.ph\/wp-content\/uploads\/2022\/04\/Laundry-Shop-Cebu.jpg\" \/>\n\t<meta property=\"og:image:width\" content=\"1440\" \/>\n\t<meta property=\"og:image:height\" content=\"1800\" \/>\n\t<meta property=\"og:image:type\" content=\"image\/jpeg\" \/>\n<meta name=\"twitter:card\" content=\"summary_large_image\" \/>\n<meta name=\"twitter:label1\" content=\"Tiempo de lectura\" \/>\n\t<meta name=\"twitter:data1\" content=\"3 minutos\" \/>\n<script type=\"application\/ld+json\" class=\"yoast-schema-graph\">{\"@context\":\"https:\/\/schema.org\",\"@graph\":[{\"@type\":\"WebPage\",\"@id\":\"https:\/\/laundryloungecebu.ph\/our-story\/\",\"url\":\"https:\/\/laundryloungecebu.ph\/our-story\/\",\"name\":\"Our story - Laundry Station Cebu\",\"isPartOf\":{\"@id\":\"https:\/\/laundryloungecebu.ph\/ko\/#website\"},\"primaryImageOfPage\":{\"@id\":\"https:\/\/laundryloungecebu.ph\/our-story\/#primaryimage\"},\"image\":{\"@id\":\"https:\/\/laundryloungecebu.ph\/our-story\/#primaryimage\"},\"thumbnailUrl\":\"https:\/\/laundryloungecebu.ph\/wp-content\/uploads\/2022\/04\/Laundry-Shop-Cebu.jpg\",\"datePublished\":\"2022-04-12T07:23:13+00:00\",\"dateModified\":\"2025-07-26T12:44:33+00:00\",\"breadcrumb\":{\"@id\":\"https:\/\/laundryloungecebu.ph\/our-story\/#breadcrumb\"},\"inLanguage\":\"es\",\"potentialAction\":[{\"@type\":\"ReadAction\",\"target\":[\"https:\/\/laundryloungecebu.ph\/our-story\/\"]}]},{\"@type\":\"ImageObject\",\"inLanguage\":\"es\",\"@id\":\"https:\/\/laundryloungecebu.ph\/our-story\/#primaryimage\",\"url\":\"https:\/\/laundryloungecebu.ph\/wp-content\/uploads\/2022\/04\/Laundry-Shop-Cebu.jpg\",\"contentUrl\":\"https:\/\/laundryloungecebu.ph\/wp-content\/uploads\/2022\/04\/Laundry-Shop-Cebu.jpg\"},{\"@type\":\"BreadcrumbList\",\"@id\":\"https:\/\/laundryloungecebu.ph\/our-story\/#breadcrumb\",\"itemListElement\":[{\"@type\":\"ListItem\",\"position\":1,\"name\":\"Home\",\"item\":\"https:\/\/laundryloungecebu.ph\/\"},{\"@type\":\"ListItem\",\"position\":2,\"name\":\"Our story\"}]},{\"@type\":\"WebSite\",\"@id\":\"https:\/\/laundryloungecebu.ph\/ko\/#website\",\"url\":\"https:\/\/laundryloungecebu.ph\/ko\/\",\"name\":\"Laundry Station Cebu\",\"description\":\"The Laundry Lounge Club\",\"potentialAction\":[{\"@type\":\"SearchAction\",\"target\":{\"@type\":\"EntryPoint\",\"urlTemplate\":\"https:\/\/laundryloungecebu.ph\/ko\/?s={search_term_string}\"},\"query-input\":{\"@type\":\"PropertyValueSpecification\",\"valueRequired\":true,\"valueName\":\"search_term_string\"}}],\"inLanguage\":\"es\"}]}<\/script>\n<!-- \/ Yoast SEO plugin. -->","yoast_head_json":{"title":"Our story - Laundry Station Cebu","robots":{"index":"index","follow":"follow","max-snippet":"max-snippet:-1","max-image-preview":"max-image-preview:large","max-video-preview":"max-video-preview:-1"},"canonical":"https:\/\/laundryloungecebu.ph\/es\/our-story\/","og_locale":"es_ES","og_type":"article","og_title":"Our story - Laundry Station Cebu","og_description":"A working family, who works from 7 am to 5 pm daily, coming home tired, finding ourselves cooking a meal and cleaning the house. Then comes the weekend, where we need to do hand laundry on a Saturday and ironing clothes on a Sunday. Why can\u2019t we be other people who enjoys the weekend on [&hellip;]","og_url":"https:\/\/laundryloungecebu.ph\/es\/our-story\/","og_site_name":"Laundry Station Cebu","article_modified_time":"2025-07-26T12:44:33+00:00","og_image":[{"width":1440,"height":1800,"url":"https:\/\/laundryloungecebu.ph\/wp-content\/uploads\/2022\/04\/Laundry-Shop-Cebu.jpg","type":"image\/jpeg"}],"twitter_card":"summary_large_image","twitter_misc":{"Tiempo de lectura":"3 minutos"},"schema":{"@context":"https:\/\/schema.org","@graph":[{"@type":"WebPage","@id":"https:\/\/laundryloungecebu.ph\/our-story\/","url":"https:\/\/laundryloungecebu.ph\/our-story\/","name":"Our story - Laundry Station Cebu","isPartOf":{"@id":"https:\/\/laundryloungecebu.ph\/ko\/#website"},"primaryImageOfPage":{"@id":"https:\/\/laundryloungecebu.ph\/our-story\/#primaryimage"},"image":{"@id":"https:\/\/laundryloungecebu.ph\/our-story\/#primaryimage"},"thumbnailUrl":"https:\/\/laundryloungecebu.ph\/wp-content\/uploads\/2022\/04\/Laundry-Shop-Cebu.jpg","datePublished":"2022-04-12T07:23:13+00:00","dateModified":"2025-07-26T12:44:33+00:00","breadcrumb":{"@id":"https:\/\/laundryloungecebu.ph\/our-story\/#breadcrumb"},"inLanguage":"es","potentialAction":[{"@type":"ReadAction","target":["https:\/\/laundryloungecebu.ph\/our-story\/"]}]},{"@type":"ImageObject","inLanguage":"es","@id":"https:\/\/laundryloungecebu.ph\/our-story\/#primaryimage","url":"https:\/\/laundryloungecebu.ph\/wp-content\/uploads\/2022\/04\/Laundry-Shop-Cebu.jpg","contentUrl":"https:\/\/laundryloungecebu.ph\/wp-content\/uploads\/2022\/04\/Laundry-Shop-Cebu.jpg"},{"@type":"BreadcrumbList","@id":"https:\/\/laundryloungecebu.ph\/our-story\/#breadcrumb","itemListElement":[{"@type":"ListItem","position":1,"name":"Home","item":"https:\/\/laundryloungecebu.ph\/"},{"@type":"ListItem","position":2,"name":"Our story"}]},{"@type":"WebSite","@id":"https:\/\/laundryloungecebu.ph\/ko\/#website","url":"https:\/\/laundryloungecebu.ph\/ko\/","name":"Lavander\u00eda Ceb\u00fa","description":"El Club Laundry Lounge","potentialAction":[{"@type":"SearchAction","target":{"@type":"EntryPoint","urlTemplate":"https:\/\/laundryloungecebu.ph\/ko\/?s={search_term_string}"},"query-input":{"@type":"PropertyValueSpecification","valueRequired":true,"valueName":"search_term_string"}}],"inLanguage":"es"}]}},"_links":{"self":[{"href":"https:\/\/laundryloungecebu.ph\/es\/wp-json\/wp\/v2\/pages\/1455","targetHints":{"allow":["GET"]}}],"collection":[{"href":"https:\/\/laundryloungecebu.ph\/es\/wp-json\/wp\/v2\/pages"}],"about":[{"href":"https:\/\/laundryloungecebu.ph\/es\/wp-json\/wp\/v2\/types\/page"}],"author":[{"embeddable":true,"href":"https:\/\/laundryloungecebu.ph\/es\/wp-json\/wp\/v2\/users\/1"}],"replies":[{"embeddable":true,"href":"https:\/\/laundryloungecebu.ph\/es\/wp-json\/wp\/v2\/comments?post=1455"}],"version-history":[{"count":9,"href":"https:\/\/laundryloungecebu.ph\/es\/wp-json\/wp\/v2\/pages\/1455\/revisions"}],"predecessor-version":[{"id":1711,"href":"https:\/\/laundryloungecebu.ph\/es\/wp-json\/wp\/v2\/pages\/1455\/revisions\/1711"}],"wp:attachment":[{"href":"https:\/\/laundryloungecebu.ph\/es\/wp-json\/wp\/v2\/media?parent=1455"}],"curies":[{"name":"wp","href":"https:\/\/api.w.org\/{rel}","templated":true}]}}