{"id":1402,"date":"2022-04-01T07:09:43","date_gmt":"2022-04-01T07:09:43","guid":{"rendered":"https:\/\/laundryloungecebu.ph\/?page_id=1402"},"modified":"2022-05-28T19:21:28","modified_gmt":"2022-05-28T19:21:28","slug":"pick-up-schedules","status":"publish","type":"page","link":"https:\/\/laundryloungecebu.ph\/fr\/pick-up-schedules\/","title":{"rendered":"Horaires de ramassage"},"content":{"rendered":"<p><strong>Malabuyoc :<\/strong><\/p>\n<p>Lundi et dimanche 7-8 h Livraison 8-9 h 9 (le jour m\u00eame)<\/p>\n<p><strong>Alegria :<\/strong><\/p>\n<p>Lundi- Vendredi 8-9h Livraison - 8-9h (jour suivant)<\/p>\n<p><strong>Ginatilan \/ Badian :<\/strong><\/p>\n<p>Veuillez appeler \u00e0 l'avance pour conna\u00eetre l'horaire<\/p>\n<p><strong>Moalboal :<\/strong><\/p>\n<p>*Pour l'enl\u00e8vement et la livraison dans la r\u00e9gion de Moalboal, veuillez appeler :<\/p>\n<p>*Frais suppl\u00e9mentaires pour l'enl\u00e8vement et la livraison dans la r\u00e9gion de Moalboal : Prix standard : 25 php.<\/p>\n<p><strong><br \/>\nHEURES D'OUVERTURE DU MAGASIN : <\/strong><\/p>\n<p>DU LUNDI AU DIMANCHE - DE 8 H \u00c0 20 H<\/p>\n<p>&nbsp;<\/p>\n<p><strong>TERMES ET CONDITIONS :<\/strong><\/p>\n<ol>\n<li>Laundry Station Cebu ne lib\u00e9rera PAS le linge sans le bon de commande.<\/li>\n<li>Les articles non r\u00e9clam\u00e9s dans les 30 jours seront factur\u00e9s au double du co\u00fbt du service.<\/li>\n<li>Les articles non r\u00e9clam\u00e9s dans les 60 jours seront c\u00e9d\u00e9s pour couvrir le co\u00fbt des services rendus.<\/li>\n<li>Laundry Station Cebu ne sera pas responsable des articles perdus une fois que le client aura re\u00e7u le linge.<\/li>\n<li>Laundry Station Cebu ne sera pas responsable des dommages caus\u00e9s par les effets naturels du lave-linge et du s\u00e8che-linge sur les v\u00eatements. Pour \u00e9viter de tels incidents, les clients doivent d\u00e9clarer la fragilit\u00e9 des articles\/les instructions sp\u00e9ciales lors du d\u00e9p\u00f4t.<\/li>\n<li>Laundry Station Cebu ne sera pas responsable de tout dommage en cas d'incendie, d'inondation et d'autres \u00e9v\u00e9nements impr\u00e9vus de perte \u00e0 travers <em>la force majeure.<\/em><\/li>\n<li>Landry Station Cebu ne sera pas responsable des dommages subis pendant le processus normal de lavage, tels que, mais sans s'y limiter : la perte des boutons, ce qui reste dans les poches, le r\u00e9tr\u00e9cissement et la d\u00e9coloration.<\/li>\n<li>La responsabilit\u00e9 en cas de perte est limit\u00e9e \u00e0 un montant ne d\u00e9passant pas trois (3) fois le prix du linge.<\/li>\n<li>Laundry Station Cebu se r\u00e9serve le droit de confirmer l'exactitude des articles \u00e0 laver et informe le client de toute anomalie dans les 24 heures.<\/li>\n<li>Les r\u00e9clamations ne seront pas prises en compte apr\u00e8s 24 heures \u00e0 compter de la date de livraison.<\/li>\n<li>Nous accordons \u00e0 chaque client 10 minutes d'attente pour rencontrer notre chauffeur. En cas de non-pr\u00e9sentation, lorsque le client ne se pr\u00e9sente pas pour envoyer son linge \u00e0 ramasser ou pour recevoir son linge apr\u00e8s avoir confirm\u00e9 la livraison, Laundry Station Cebu se r\u00e9serve le droit d'annuler le rendez-vous et de facturer le client avec P200.00.<\/li>\n<\/ol>","protected":false},"excerpt":{"rendered":"<p>Malabuyoc&nbsp; : Monday- Sunday 7-8 am&nbsp; Delivery&nbsp; 8-9 pm 9 (same-day) Alegria : Monday- Friday&nbsp; 8-9 am&nbsp;&nbsp; Delivery &#8211; 8-9 am (Next day) Ginatilan \/ Badian : Please call&nbsp; ahead of time for a schedule Moalboal : *For Pick up and Delivery within Moalboal Area , please call : *Additional Charges for Pick-up and delivery [&hellip;]<\/p>\n","protected":false},"author":1,"featured_media":0,"parent":0,"menu_order":0,"comment_status":"closed","ping_status":"closed","template":"","meta":{"ngg_post_thumbnail":0,"footnotes":""},"class_list":["post-1402","page","type-page","status-publish","hentry"],"yoast_head":"<!-- This site is optimized with the Yoast SEO plugin v27.1.1 - https:\/\/yoast.com\/product\/yoast-seo-wordpress\/ -->\n<title>Pick-up schedules - Laundry Station Cebu<\/title>\n<meta name=\"description\" content=\"Pick-up schedules and conditions of our laundry service. Store opening hours. Terms and conditions of The Laundry Lounge Cebu.\" \/>\n<meta name=\"robots\" content=\"index, follow, max-snippet:-1, max-image-preview:large, max-video-preview:-1\" \/>\n<link rel=\"canonical\" href=\"https:\/\/laundryloungecebu.ph\/fr\/pick-up-schedules\/\" \/>\n<meta property=\"og:locale\" content=\"fr_FR\" \/>\n<meta property=\"og:type\" content=\"article\" \/>\n<meta property=\"og:title\" content=\"Pick-up schedules - Laundry Station Cebu\" \/>\n<meta property=\"og:description\" content=\"Pick-up schedules and conditions of our laundry service. Store opening hours. Terms and conditions of The Laundry Lounge Cebu.\" \/>\n<meta property=\"og:url\" content=\"https:\/\/laundryloungecebu.ph\/fr\/pick-up-schedules\/\" \/>\n<meta property=\"og:site_name\" content=\"Laundry Station Cebu\" \/>\n<meta property=\"article:modified_time\" content=\"2022-05-28T19:21:28+00:00\" \/>\n<meta name=\"twitter:card\" content=\"summary_large_image\" \/>\n<meta name=\"twitter:label1\" content=\"Dur\u00e9e de lecture estim\u00e9e\" \/>\n\t<meta name=\"twitter:data1\" content=\"2 minutes\" \/>\n<script type=\"application\/ld+json\" class=\"yoast-schema-graph\">{\"@context\":\"https:\/\/schema.org\",\"@graph\":[{\"@type\":\"WebPage\",\"@id\":\"https:\/\/laundryloungecebu.ph\/pick-up-schedules\/\",\"url\":\"https:\/\/laundryloungecebu.ph\/pick-up-schedules\/\",\"name\":\"Pick-up schedules - Laundry Station Cebu\",\"isPartOf\":{\"@id\":\"https:\/\/laundryloungecebu.ph\/ko\/#website\"},\"datePublished\":\"2022-04-01T07:09:43+00:00\",\"dateModified\":\"2022-05-28T19:21:28+00:00\",\"description\":\"Pick-up schedules and conditions of our laundry service. Store opening hours. Terms and conditions of The Laundry Lounge Cebu.\",\"breadcrumb\":{\"@id\":\"https:\/\/laundryloungecebu.ph\/pick-up-schedules\/#breadcrumb\"},\"inLanguage\":\"fr-FR\",\"potentialAction\":[{\"@type\":\"ReadAction\",\"target\":[\"https:\/\/laundryloungecebu.ph\/pick-up-schedules\/\"]}]},{\"@type\":\"BreadcrumbList\",\"@id\":\"https:\/\/laundryloungecebu.ph\/pick-up-schedules\/#breadcrumb\",\"itemListElement\":[{\"@type\":\"ListItem\",\"position\":1,\"name\":\"Home\",\"item\":\"https:\/\/laundryloungecebu.ph\/\"},{\"@type\":\"ListItem\",\"position\":2,\"name\":\"Pick-up schedules\"}]},{\"@type\":\"WebSite\",\"@id\":\"https:\/\/laundryloungecebu.ph\/ko\/#website\",\"url\":\"https:\/\/laundryloungecebu.ph\/ko\/\",\"name\":\"Laundry Station Cebu\",\"description\":\"The Laundry Lounge Club\",\"potentialAction\":[{\"@type\":\"SearchAction\",\"target\":{\"@type\":\"EntryPoint\",\"urlTemplate\":\"https:\/\/laundryloungecebu.ph\/ko\/?s={search_term_string}\"},\"query-input\":{\"@type\":\"PropertyValueSpecification\",\"valueRequired\":true,\"valueName\":\"search_term_string\"}}],\"inLanguage\":\"fr-FR\"}]}<\/script>\n<!-- \/ Yoast SEO plugin. -->","yoast_head_json":{"title":"Pick-up schedules - Laundry Station Cebu","description":"Pick-up schedules and conditions of our laundry service. Store opening hours. Terms and conditions of The Laundry Lounge Cebu.","robots":{"index":"index","follow":"follow","max-snippet":"max-snippet:-1","max-image-preview":"max-image-preview:large","max-video-preview":"max-video-preview:-1"},"canonical":"https:\/\/laundryloungecebu.ph\/fr\/pick-up-schedules\/","og_locale":"fr_FR","og_type":"article","og_title":"Pick-up schedules - Laundry Station Cebu","og_description":"Pick-up schedules and conditions of our laundry service. Store opening hours. Terms and conditions of The Laundry Lounge Cebu.","og_url":"https:\/\/laundryloungecebu.ph\/fr\/pick-up-schedules\/","og_site_name":"Laundry Station Cebu","article_modified_time":"2022-05-28T19:21:28+00:00","twitter_card":"summary_large_image","twitter_misc":{"Dur\u00e9e de lecture estim\u00e9e":"2 minutes"},"schema":{"@context":"https:\/\/schema.org","@graph":[{"@type":"WebPage","@id":"https:\/\/laundryloungecebu.ph\/pick-up-schedules\/","url":"https:\/\/laundryloungecebu.ph\/pick-up-schedules\/","name":"Pick-up schedules - Laundry Station Cebu","isPartOf":{"@id":"https:\/\/laundryloungecebu.ph\/ko\/#website"},"datePublished":"2022-04-01T07:09:43+00:00","dateModified":"2022-05-28T19:21:28+00:00","description":"Pick-up schedules and conditions of our laundry service. Store opening hours. Terms and conditions of The Laundry Lounge Cebu.","breadcrumb":{"@id":"https:\/\/laundryloungecebu.ph\/pick-up-schedules\/#breadcrumb"},"inLanguage":"fr-FR","potentialAction":[{"@type":"ReadAction","target":["https:\/\/laundryloungecebu.ph\/pick-up-schedules\/"]}]},{"@type":"BreadcrumbList","@id":"https:\/\/laundryloungecebu.ph\/pick-up-schedules\/#breadcrumb","itemListElement":[{"@type":"ListItem","position":1,"name":"Home","item":"https:\/\/laundryloungecebu.ph\/"},{"@type":"ListItem","position":2,"name":"Pick-up schedules"}]},{"@type":"WebSite","@id":"https:\/\/laundryloungecebu.ph\/ko\/#website","url":"https:\/\/laundryloungecebu.ph\/ko\/","name":"Laundry Station Cebu","description":"The Laundry Lounge Club","potentialAction":[{"@type":"SearchAction","target":{"@type":"EntryPoint","urlTemplate":"https:\/\/laundryloungecebu.ph\/ko\/?s={search_term_string}"},"query-input":{"@type":"PropertyValueSpecification","valueRequired":true,"valueName":"search_term_string"}}],"inLanguage":"fr-FR"}]}},"_links":{"self":[{"href":"https:\/\/laundryloungecebu.ph\/fr\/wp-json\/wp\/v2\/pages\/1402","targetHints":{"allow":["GET"]}}],"collection":[{"href":"https:\/\/laundryloungecebu.ph\/fr\/wp-json\/wp\/v2\/pages"}],"about":[{"href":"https:\/\/laundryloungecebu.ph\/fr\/wp-json\/wp\/v2\/types\/page"}],"author":[{"embeddable":true,"href":"https:\/\/laundryloungecebu.ph\/fr\/wp-json\/wp\/v2\/users\/1"}],"replies":[{"embeddable":true,"href":"https:\/\/laundryloungecebu.ph\/fr\/wp-json\/wp\/v2\/comments?post=1402"}],"version-history":[{"count":4,"href":"https:\/\/laundryloungecebu.ph\/fr\/wp-json\/wp\/v2\/pages\/1402\/revisions"}],"predecessor-version":[{"id":1583,"href":"https:\/\/laundryloungecebu.ph\/fr\/wp-json\/wp\/v2\/pages\/1402\/revisions\/1583"}],"wp:attachment":[{"href":"https:\/\/laundryloungecebu.ph\/fr\/wp-json\/wp\/v2\/media?parent=1402"}],"curies":[{"name":"wp","href":"https:\/\/api.w.org\/{rel}","templated":true}]}}