{"id":1437,"date":"2022-04-04T18:50:50","date_gmt":"2022-04-04T18:50:50","guid":{"rendered":"https:\/\/laundryloungecebu.ph\/?page_id=1437"},"modified":"2022-05-08T07:26:15","modified_gmt":"2022-05-08T07:26:15","slug":"terms-and-conditions","status":"publish","type":"page","link":"https:\/\/laundryloungecebu.ph\/fr\/terms-and-conditions\/","title":{"rendered":"Modalit\u00e9s et conditions"},"content":{"rendered":"<p><img fetchpriority=\"high\" decoding=\"async\" class=\"alignnone wp-image-1538\" src=\"https:\/\/laundryloungecebu.ph\/wp-content\/uploads\/2022\/05\/Blue-and-Green-Self-Quarantine-Guidelines-Coronavirus-Poster-scaled.jpg\" alt=\"\" width=\"834\" height=\"1251\" srcset=\"https:\/\/laundryloungecebu.ph\/wp-content\/uploads\/2022\/05\/Blue-and-Green-Self-Quarantine-Guidelines-Coronavirus-Poster-scaled.jpg 1707w, https:\/\/laundryloungecebu.ph\/wp-content\/uploads\/2022\/05\/Blue-and-Green-Self-Quarantine-Guidelines-Coronavirus-Poster-200x300.jpg 200w, https:\/\/laundryloungecebu.ph\/wp-content\/uploads\/2022\/05\/Blue-and-Green-Self-Quarantine-Guidelines-Coronavirus-Poster-683x1024.jpg 683w, https:\/\/laundryloungecebu.ph\/wp-content\/uploads\/2022\/05\/Blue-and-Green-Self-Quarantine-Guidelines-Coronavirus-Poster-768x1152.jpg 768w, https:\/\/laundryloungecebu.ph\/wp-content\/uploads\/2022\/05\/Blue-and-Green-Self-Quarantine-Guidelines-Coronavirus-Poster-1024x1536.jpg 1024w, https:\/\/laundryloungecebu.ph\/wp-content\/uploads\/2022\/05\/Blue-and-Green-Self-Quarantine-Guidelines-Coronavirus-Poster-1365x2048.jpg 1365w, https:\/\/laundryloungecebu.ph\/wp-content\/uploads\/2022\/05\/Blue-and-Green-Self-Quarantine-Guidelines-Coronavirus-Poster-8x12.jpg 8w\" sizes=\"(max-width: 834px) 100vw, 834px\" \/><\/p>\n<p><a href=\"https:\/\/laundryloungecebu.ph\/wp-content\/uploads\/2022\/05\/Blue-and-Green-Self-Quarantine-Guidelines-Coronavirus-Poster.pdf\"><strong>PDF t\u00e9l\u00e9chargeable de nos conditions g\u00e9n\u00e9rales<\/strong><\/a><\/p>\n<ol>\n<li>Laundry Station Cebu ne lib\u00e9rera PAS le linge sans le bon de commande.<\/li>\n<li>Les articles non r\u00e9clam\u00e9s dans les 30 jours seront factur\u00e9s au double du co\u00fbt du service.<\/li>\n<li>Les articles non r\u00e9clam\u00e9s dans les 60 jours seront c\u00e9d\u00e9s pour couvrir le co\u00fbt des services rendus.<\/li>\n<li>Laundry Station Cebu ne sera pas responsable des articles perdus une fois que le client aura re\u00e7u le linge.<\/li>\n<li>Laundry Station Cebu ne sera pas responsable des dommages caus\u00e9s par les effets naturels du lave-linge et du s\u00e8che-linge sur les v\u00eatements. Pour \u00e9viter de tels incidents, les clients doivent d\u00e9clarer la fragilit\u00e9 des articles\/les instructions sp\u00e9ciales lors du d\u00e9p\u00f4t.<\/li>\n<li>Laundry Station Cebu ne sera pas responsable de tout dommage en cas d'incendie, d'inondation et d'autres \u00e9v\u00e9nements impr\u00e9vus de perte \u00e0 travers <em>la force majeure.<\/em><\/li>\n<li>Landry Station Cebu ne sera pas responsable des dommages subis pendant le processus normal de lavage, tels que, mais sans s'y limiter : la perte des boutons, ce qui reste dans les poches, le r\u00e9tr\u00e9cissement et la d\u00e9coloration.<\/li>\n<li>La responsabilit\u00e9 en cas de perte est limit\u00e9e \u00e0 un montant ne d\u00e9passant pas trois (3) fois le prix du linge.<\/li>\n<li>Laundry Station Cebu se r\u00e9serve le droit de confirmer l'exactitude des articles \u00e0 laver et informe le client de toute anomalie dans les 24 heures.<\/li>\n<li>Les r\u00e9clamations ne seront pas prises en compte apr\u00e8s 24 heures \u00e0 compter de la date de livraison.<\/li>\n<li>Nous accordons \u00e0 chaque client 10 minutes d'attente pour rencontrer notre chauffeur. En cas de non-pr\u00e9sentation, lorsque le client ne se pr\u00e9sente pas pour envoyer son linge \u00e0 ramasser ou pour recevoir son linge apr\u00e8s avoir confirm\u00e9 la livraison, Laundry Station Cebu se r\u00e9serve le droit d'annuler le rendez-vous et de facturer le client avec P200.00.<\/li>\n<\/ol>","protected":false},"excerpt":{"rendered":"<p>Downloadable PDF of our terms and conditions Laundry Station Cebu will NOT release laundry without the Job Order Slip. Articles not claimed within 30 days will be charged double the cost of service. Articles not claimed within 60 days will be disposed to cover the cost of services rendered. Laundry Station Cebu will not be [&hellip;]<\/p>\n","protected":false},"author":1,"featured_media":0,"parent":0,"menu_order":0,"comment_status":"closed","ping_status":"closed","template":"","meta":{"ngg_post_thumbnail":0,"footnotes":""},"class_list":["post-1437","page","type-page","status-publish","hentry"],"yoast_head":"<!-- This site is optimized with the Yoast SEO plugin v27.1.1 - https:\/\/yoast.com\/product\/yoast-seo-wordpress\/ -->\n<title>Terms and conditions - Laundry Station Cebu<\/title>\n<meta name=\"robots\" content=\"index, follow, max-snippet:-1, max-image-preview:large, max-video-preview:-1\" \/>\n<link rel=\"canonical\" href=\"https:\/\/laundryloungecebu.ph\/fr\/terms-and-conditions\/\" \/>\n<meta property=\"og:locale\" content=\"fr_FR\" \/>\n<meta property=\"og:type\" content=\"article\" \/>\n<meta property=\"og:title\" content=\"Terms and conditions - Laundry Station Cebu\" \/>\n<meta property=\"og:description\" content=\"Downloadable PDF of our terms and conditions Laundry Station Cebu will NOT release laundry without the Job Order Slip. Articles not claimed within 30 days will be charged double the cost of service. Articles not claimed within 60 days will be disposed to cover the cost of services rendered. Laundry Station Cebu will not be [&hellip;]\" \/>\n<meta property=\"og:url\" content=\"https:\/\/laundryloungecebu.ph\/fr\/terms-and-conditions\/\" \/>\n<meta property=\"og:site_name\" content=\"Laundry Station Cebu\" \/>\n<meta property=\"article:modified_time\" content=\"2022-05-08T07:26:15+00:00\" \/>\n<meta property=\"og:image\" content=\"https:\/\/laundryloungecebu.ph\/wp-content\/uploads\/2022\/05\/Blue-and-Green-Self-Quarantine-Guidelines-Coronavirus-Poster-scaled.jpg\" \/>\n<meta name=\"twitter:card\" content=\"summary_large_image\" \/>\n<meta name=\"twitter:label1\" content=\"Dur\u00e9e de lecture estim\u00e9e\" \/>\n\t<meta name=\"twitter:data1\" content=\"2 minutes\" \/>\n<script type=\"application\/ld+json\" class=\"yoast-schema-graph\">{\"@context\":\"https:\/\/schema.org\",\"@graph\":[{\"@type\":\"WebPage\",\"@id\":\"https:\/\/laundryloungecebu.ph\/terms-and-conditions\/\",\"url\":\"https:\/\/laundryloungecebu.ph\/terms-and-conditions\/\",\"name\":\"Terms and conditions - Laundry Station Cebu\",\"isPartOf\":{\"@id\":\"https:\/\/laundryloungecebu.ph\/ko\/#website\"},\"primaryImageOfPage\":{\"@id\":\"https:\/\/laundryloungecebu.ph\/terms-and-conditions\/#primaryimage\"},\"image\":{\"@id\":\"https:\/\/laundryloungecebu.ph\/terms-and-conditions\/#primaryimage\"},\"thumbnailUrl\":\"https:\/\/laundryloungecebu.ph\/wp-content\/uploads\/2022\/05\/Blue-and-Green-Self-Quarantine-Guidelines-Coronavirus-Poster-scaled.jpg\",\"datePublished\":\"2022-04-04T18:50:50+00:00\",\"dateModified\":\"2022-05-08T07:26:15+00:00\",\"breadcrumb\":{\"@id\":\"https:\/\/laundryloungecebu.ph\/terms-and-conditions\/#breadcrumb\"},\"inLanguage\":\"fr-FR\",\"potentialAction\":[{\"@type\":\"ReadAction\",\"target\":[\"https:\/\/laundryloungecebu.ph\/terms-and-conditions\/\"]}]},{\"@type\":\"ImageObject\",\"inLanguage\":\"fr-FR\",\"@id\":\"https:\/\/laundryloungecebu.ph\/terms-and-conditions\/#primaryimage\",\"url\":\"https:\/\/laundryloungecebu.ph\/wp-content\/uploads\/2022\/05\/Blue-and-Green-Self-Quarantine-Guidelines-Coronavirus-Poster-scaled.jpg\",\"contentUrl\":\"https:\/\/laundryloungecebu.ph\/wp-content\/uploads\/2022\/05\/Blue-and-Green-Self-Quarantine-Guidelines-Coronavirus-Poster-scaled.jpg\"},{\"@type\":\"BreadcrumbList\",\"@id\":\"https:\/\/laundryloungecebu.ph\/terms-and-conditions\/#breadcrumb\",\"itemListElement\":[{\"@type\":\"ListItem\",\"position\":1,\"name\":\"Home\",\"item\":\"https:\/\/laundryloungecebu.ph\/\"},{\"@type\":\"ListItem\",\"position\":2,\"name\":\"Terms and conditions\"}]},{\"@type\":\"WebSite\",\"@id\":\"https:\/\/laundryloungecebu.ph\/ko\/#website\",\"url\":\"https:\/\/laundryloungecebu.ph\/ko\/\",\"name\":\"Laundry Station Cebu\",\"description\":\"The Laundry Lounge Club\",\"potentialAction\":[{\"@type\":\"SearchAction\",\"target\":{\"@type\":\"EntryPoint\",\"urlTemplate\":\"https:\/\/laundryloungecebu.ph\/ko\/?s={search_term_string}\"},\"query-input\":{\"@type\":\"PropertyValueSpecification\",\"valueRequired\":true,\"valueName\":\"search_term_string\"}}],\"inLanguage\":\"fr-FR\"}]}<\/script>\n<!-- \/ Yoast SEO plugin. -->","yoast_head_json":{"title":"Terms and conditions - Laundry Station Cebu","robots":{"index":"index","follow":"follow","max-snippet":"max-snippet:-1","max-image-preview":"max-image-preview:large","max-video-preview":"max-video-preview:-1"},"canonical":"https:\/\/laundryloungecebu.ph\/fr\/terms-and-conditions\/","og_locale":"fr_FR","og_type":"article","og_title":"Terms and conditions - Laundry Station Cebu","og_description":"Downloadable PDF of our terms and conditions Laundry Station Cebu will NOT release laundry without the Job Order Slip. Articles not claimed within 30 days will be charged double the cost of service. Articles not claimed within 60 days will be disposed to cover the cost of services rendered. Laundry Station Cebu will not be [&hellip;]","og_url":"https:\/\/laundryloungecebu.ph\/fr\/terms-and-conditions\/","og_site_name":"Laundry Station Cebu","article_modified_time":"2022-05-08T07:26:15+00:00","og_image":[{"url":"https:\/\/laundryloungecebu.ph\/wp-content\/uploads\/2022\/05\/Blue-and-Green-Self-Quarantine-Guidelines-Coronavirus-Poster-scaled.jpg","type":"","width":"","height":""}],"twitter_card":"summary_large_image","twitter_misc":{"Dur\u00e9e de lecture estim\u00e9e":"2 minutes"},"schema":{"@context":"https:\/\/schema.org","@graph":[{"@type":"WebPage","@id":"https:\/\/laundryloungecebu.ph\/terms-and-conditions\/","url":"https:\/\/laundryloungecebu.ph\/terms-and-conditions\/","name":"Terms and conditions - Laundry Station Cebu","isPartOf":{"@id":"https:\/\/laundryloungecebu.ph\/ko\/#website"},"primaryImageOfPage":{"@id":"https:\/\/laundryloungecebu.ph\/terms-and-conditions\/#primaryimage"},"image":{"@id":"https:\/\/laundryloungecebu.ph\/terms-and-conditions\/#primaryimage"},"thumbnailUrl":"https:\/\/laundryloungecebu.ph\/wp-content\/uploads\/2022\/05\/Blue-and-Green-Self-Quarantine-Guidelines-Coronavirus-Poster-scaled.jpg","datePublished":"2022-04-04T18:50:50+00:00","dateModified":"2022-05-08T07:26:15+00:00","breadcrumb":{"@id":"https:\/\/laundryloungecebu.ph\/terms-and-conditions\/#breadcrumb"},"inLanguage":"fr-FR","potentialAction":[{"@type":"ReadAction","target":["https:\/\/laundryloungecebu.ph\/terms-and-conditions\/"]}]},{"@type":"ImageObject","inLanguage":"fr-FR","@id":"https:\/\/laundryloungecebu.ph\/terms-and-conditions\/#primaryimage","url":"https:\/\/laundryloungecebu.ph\/wp-content\/uploads\/2022\/05\/Blue-and-Green-Self-Quarantine-Guidelines-Coronavirus-Poster-scaled.jpg","contentUrl":"https:\/\/laundryloungecebu.ph\/wp-content\/uploads\/2022\/05\/Blue-and-Green-Self-Quarantine-Guidelines-Coronavirus-Poster-scaled.jpg"},{"@type":"BreadcrumbList","@id":"https:\/\/laundryloungecebu.ph\/terms-and-conditions\/#breadcrumb","itemListElement":[{"@type":"ListItem","position":1,"name":"Home","item":"https:\/\/laundryloungecebu.ph\/"},{"@type":"ListItem","position":2,"name":"Terms and conditions"}]},{"@type":"WebSite","@id":"https:\/\/laundryloungecebu.ph\/ko\/#website","url":"https:\/\/laundryloungecebu.ph\/ko\/","name":"Laundry Station Cebu","description":"The Laundry Lounge Club","potentialAction":[{"@type":"SearchAction","target":{"@type":"EntryPoint","urlTemplate":"https:\/\/laundryloungecebu.ph\/ko\/?s={search_term_string}"},"query-input":{"@type":"PropertyValueSpecification","valueRequired":true,"valueName":"search_term_string"}}],"inLanguage":"fr-FR"}]}},"_links":{"self":[{"href":"https:\/\/laundryloungecebu.ph\/fr\/wp-json\/wp\/v2\/pages\/1437","targetHints":{"allow":["GET"]}}],"collection":[{"href":"https:\/\/laundryloungecebu.ph\/fr\/wp-json\/wp\/v2\/pages"}],"about":[{"href":"https:\/\/laundryloungecebu.ph\/fr\/wp-json\/wp\/v2\/types\/page"}],"author":[{"embeddable":true,"href":"https:\/\/laundryloungecebu.ph\/fr\/wp-json\/wp\/v2\/users\/1"}],"replies":[{"embeddable":true,"href":"https:\/\/laundryloungecebu.ph\/fr\/wp-json\/wp\/v2\/comments?post=1437"}],"version-history":[{"count":7,"href":"https:\/\/laundryloungecebu.ph\/fr\/wp-json\/wp\/v2\/pages\/1437\/revisions"}],"predecessor-version":[{"id":1542,"href":"https:\/\/laundryloungecebu.ph\/fr\/wp-json\/wp\/v2\/pages\/1437\/revisions\/1542"}],"wp:attachment":[{"href":"https:\/\/laundryloungecebu.ph\/fr\/wp-json\/wp\/v2\/media?parent=1437"}],"curies":[{"name":"wp","href":"https:\/\/api.w.org\/{rel}","templated":true}]}}