{"id":1455,"date":"2022-04-12T07:23:13","date_gmt":"2022-04-12T07:23:13","guid":{"rendered":"https:\/\/laundryloungecebu.ph\/?page_id=1455"},"modified":"2025-07-26T12:44:33","modified_gmt":"2025-07-26T12:44:33","slug":"our-story","status":"publish","type":"page","link":"https:\/\/laundryloungecebu.ph\/fr\/our-story\/","title":{"rendered":"Notre histoire"},"content":{"rendered":"<p>Une famille active, qui travaille de 7 heures \u00e0 17 heures tous les jours, qui rentre \u00e0 la maison fatigu\u00e9e, qui se retrouve \u00e0 pr\u00e9parer un repas et \u00e0 nettoyer la maison. Puis vient le week-end, o\u00f9 il faut faire la lessive \u00e0 la main le samedi et le repassage le dimanche.<\/p>\n<p>Pourquoi ne pouvons-nous pas \u00eatre d'autres personnes qui profitent du week-end pour faire un pique-nique, aller au centre commercial ou simplement s'asseoir sur le canap\u00e9 en savourant un verre de Coca devant la t\u00e9l\u00e9vision.<\/p>\n<p>Nous voulons maintenant vous d\u00e9barrasser du fardeau du lavage \u00e0 la main, de l'attente du s\u00e9chage du linge et du repassage du linge.<\/p>\n<p>En seulement 2 heures, vous pourrez profiter de vos v\u00eatements, draps, serviettes et rideaux frais, propres et secs gr\u00e2ce \u00e0 notre machine \u00e0 laver et \u00e0 notre s\u00e8che-linge de haute qualit\u00e9.<\/p>\n<p>J'esp\u00e8re \u00eatre bient\u00f4t \u00e0 votre service.<\/p>\n<figure id=\"attachment_1456\" aria-describedby=\"caption-attachment-1456\" style=\"width: 688px\" class=\"wp-caption alignnone\"><img fetchpriority=\"high\" decoding=\"async\" class=\"wp-image-1456\" src=\"https:\/\/laundryloungecebu.ph\/wp-content\/uploads\/2022\/04\/Laundry-Shop-Cebu.jpg\" alt=\"Laundry Shop Cebu\" width=\"688\" height=\"860\" srcset=\"https:\/\/laundryloungecebu.ph\/wp-content\/uploads\/2022\/04\/Laundry-Shop-Cebu.jpg 1440w, https:\/\/laundryloungecebu.ph\/wp-content\/uploads\/2022\/04\/Laundry-Shop-Cebu-240x300.jpg 240w, https:\/\/laundryloungecebu.ph\/wp-content\/uploads\/2022\/04\/Laundry-Shop-Cebu-819x1024.jpg 819w, https:\/\/laundryloungecebu.ph\/wp-content\/uploads\/2022\/04\/Laundry-Shop-Cebu-768x960.jpg 768w, https:\/\/laundryloungecebu.ph\/wp-content\/uploads\/2022\/04\/Laundry-Shop-Cebu-1229x1536.jpg 1229w\" sizes=\"(max-width: 688px) 100vw, 688px\" \/><figcaption id=\"caption-attachment-1456\" class=\"wp-caption-text\">Famille fondatrice (de gauche \u00e0 droite) : Marcel, Ruby, Robert, Angelina, Remidios et Migue<\/figcaption><\/figure>\n<p>&nbsp;<\/p>\n<p><em>Responsabilit\u00e9s<\/em><\/p>\n<p>Rubis : Op\u00e9rations quotidiennes \/ gestion<br \/>\nMarcel : Comptabilit\u00e9 et finances<br \/>\nMigue : Gestion, marketing et ventes<\/p>\n<p>&nbsp;<\/p>\n<p><strong>Co-fondateur Romano :<\/strong><\/p>\n<p>Lorsque je vivais \u00e0 Cebu City en tant que nomade num\u00e9rique \/ expatri\u00e9, j'ai eu quelques exp\u00e9riences n\u00e9gatives avec les blanchisseries locales.<br \/>\nCertains ont perdu des v\u00eatements, d'autres ont r\u00e9tr\u00e9ci.<\/p>\n<p>Plus d'informations <a href=\"https:\/\/www.urbandictionary.com\/define.php?term=orphan%20socks\">chaussettes orphelines<\/a>. Personne ne veut de v\u00eatements orphelins.<\/p>\n<p>Les v\u00eatements peuvent \u00eatre chers aux Philippines.<br \/>\nLes marques de fast fashion peuvent m\u00eame co\u00fbter tr\u00e8s cher.<br \/>\nC'est un v\u00e9ritable g\u00e2chis que de voir ces objets se r\u00e9tr\u00e9cir ou, pire encore, s'ab\u00eemer ou se perdre.<br \/>\nEn cas de dommage ou de perte, c'est un v\u00e9ritable casse-t\u00eate d'obtenir un remboursement complet.<\/p>\n<p>Un autre point n\u00e9gatif que j'ai remarqu\u00e9 est que cela peut prendre beaucoup de temps en g\u00e9n\u00e9ral<br \/>\naux Philippines pour que la lessive soit faite. Le plus souvent, il faut compter au moins trois jours,<br \/>\nparfois m\u00eame plus longtemps, surtout en p\u00e9riode de jours f\u00e9ri\u00e9s.<br \/>\nM\u00eame si vous voulez payer plus cher, ce n'est pas possible dans la plupart des laveries.<br \/>\nde l'avoir un peu plus rapidement.<\/p>\n<p>Lorsque vous souhaitez voir appara\u00eetre sur le march\u00e9 quelque chose qui n'existe pas encore, cr\u00e9ez-le vous-m\u00eame.<br \/>\nPour mes prochains voyages aux Philippines, il va sans dire que je ne ferai confiance qu'\u00e0 mon linge.<br \/>\nau salon de la blanchisserie de Cebu.<\/p>\n<p>Rendre abordable un service de blanchisserie de qualit\u00e9, fiable et ponctuel.<\/p>\n<p>De plus, une blanchisserie pourrait et devrait \u00eatre plus qu'un simple endroit o\u00f9 l'on d\u00e9pose un panier<br \/>\net r\u00e9cup\u00e9rer le colis joliment emball\u00e9. Passer du bon temps en attendant votre service de blanchisserie<br \/>\n\u00e0 compl\u00e9ter : \"<span class=\"VIiyi\" lang=\"tl\"><span class=\"JLqJ4b ChMk0b\" data-language-for-alternatives=\"tl\" data-language-to-translate-into=\"en\" data-phrase-index=\"0\" data-number-of-phrases=\"1\"><span class=\"Q4iAWc\">pumatay ng dalawang ibon gamit ang isang bato<\/span><\/span><\/span>&#8220;.<\/p>\n<figure id=\"attachment_1463\" aria-describedby=\"caption-attachment-1463\" style=\"width: 706px\" class=\"wp-caption alignnone\"><img decoding=\"async\" class=\"wp-image-1463\" src=\"https:\/\/laundryloungecebu.ph\/wp-content\/uploads\/2022\/04\/Laundry-Service-Moalboal.jpg\" alt=\"\" width=\"706\" height=\"470\" srcset=\"https:\/\/laundryloungecebu.ph\/wp-content\/uploads\/2022\/04\/Laundry-Service-Moalboal.jpg 2048w, https:\/\/laundryloungecebu.ph\/wp-content\/uploads\/2022\/04\/Laundry-Service-Moalboal-300x200.jpg 300w, https:\/\/laundryloungecebu.ph\/wp-content\/uploads\/2022\/04\/Laundry-Service-Moalboal-1024x682.jpg 1024w, https:\/\/laundryloungecebu.ph\/wp-content\/uploads\/2022\/04\/Laundry-Service-Moalboal-768x511.jpg 768w, https:\/\/laundryloungecebu.ph\/wp-content\/uploads\/2022\/04\/Laundry-Service-Moalboal-1536x1022.jpg 1536w\" sizes=\"(max-width: 706px) 100vw, 706px\" \/><figcaption id=\"caption-attachment-1463\" class=\"wp-caption-text\">Sur cette photo, Romano est un peu trop visible... Inutile de dire qu'il tient \u00e0 ce que son pr\u00e9cieux t-shirt Sinulog soit conserv\u00e9 en bon \u00e9tat.<\/figcaption><\/figure>\n<p><em>Responsabilit\u00e9s<\/em><\/p>\n<p>Le site web que vous \u00eates en train de lire. Et tout ce qui concerne l'informatique.<\/p>","protected":false},"excerpt":{"rendered":"<p>A working family, who works from 7 am to 5 pm daily, coming home tired, finding ourselves cooking a meal and cleaning the house. Then comes the weekend, where we need to do hand laundry on a Saturday and ironing clothes on a Sunday. Why can\u2019t we be other people who enjoys the weekend on [&hellip;]<\/p>\n","protected":false},"author":1,"featured_media":0,"parent":0,"menu_order":0,"comment_status":"closed","ping_status":"closed","template":"","meta":{"ngg_post_thumbnail":0,"footnotes":""},"class_list":["post-1455","page","type-page","status-publish","hentry"],"yoast_head":"<!-- This site is optimized with the Yoast SEO plugin v27.1.1 - https:\/\/yoast.com\/product\/yoast-seo-wordpress\/ -->\n<title>Our story - Laundry Station Cebu<\/title>\n<meta name=\"robots\" content=\"index, follow, max-snippet:-1, max-image-preview:large, max-video-preview:-1\" \/>\n<link rel=\"canonical\" href=\"https:\/\/laundryloungecebu.ph\/fr\/our-story\/\" \/>\n<meta property=\"og:locale\" content=\"fr_FR\" \/>\n<meta property=\"og:type\" content=\"article\" \/>\n<meta property=\"og:title\" content=\"Our story - Laundry Station Cebu\" \/>\n<meta property=\"og:description\" content=\"A working family, who works from 7 am to 5 pm daily, coming home tired, finding ourselves cooking a meal and cleaning the house. Then comes the weekend, where we need to do hand laundry on a Saturday and ironing clothes on a Sunday. Why can\u2019t we be other people who enjoys the weekend on [&hellip;]\" \/>\n<meta property=\"og:url\" content=\"https:\/\/laundryloungecebu.ph\/fr\/our-story\/\" \/>\n<meta property=\"og:site_name\" content=\"Laundry Station Cebu\" \/>\n<meta property=\"article:modified_time\" content=\"2025-07-26T12:44:33+00:00\" \/>\n<meta property=\"og:image\" content=\"https:\/\/laundryloungecebu.ph\/wp-content\/uploads\/2022\/04\/Laundry-Shop-Cebu.jpg\" \/>\n\t<meta property=\"og:image:width\" content=\"1440\" \/>\n\t<meta property=\"og:image:height\" content=\"1800\" \/>\n\t<meta property=\"og:image:type\" content=\"image\/jpeg\" \/>\n<meta name=\"twitter:card\" content=\"summary_large_image\" \/>\n<meta name=\"twitter:label1\" content=\"Dur\u00e9e de lecture estim\u00e9e\" \/>\n\t<meta name=\"twitter:data1\" content=\"3 minutes\" \/>\n<script type=\"application\/ld+json\" class=\"yoast-schema-graph\">{\"@context\":\"https:\/\/schema.org\",\"@graph\":[{\"@type\":\"WebPage\",\"@id\":\"https:\/\/laundryloungecebu.ph\/our-story\/\",\"url\":\"https:\/\/laundryloungecebu.ph\/our-story\/\",\"name\":\"Our story - Laundry Station Cebu\",\"isPartOf\":{\"@id\":\"https:\/\/laundryloungecebu.ph\/ko\/#website\"},\"primaryImageOfPage\":{\"@id\":\"https:\/\/laundryloungecebu.ph\/our-story\/#primaryimage\"},\"image\":{\"@id\":\"https:\/\/laundryloungecebu.ph\/our-story\/#primaryimage\"},\"thumbnailUrl\":\"https:\/\/laundryloungecebu.ph\/wp-content\/uploads\/2022\/04\/Laundry-Shop-Cebu.jpg\",\"datePublished\":\"2022-04-12T07:23:13+00:00\",\"dateModified\":\"2025-07-26T12:44:33+00:00\",\"breadcrumb\":{\"@id\":\"https:\/\/laundryloungecebu.ph\/our-story\/#breadcrumb\"},\"inLanguage\":\"fr-FR\",\"potentialAction\":[{\"@type\":\"ReadAction\",\"target\":[\"https:\/\/laundryloungecebu.ph\/our-story\/\"]}]},{\"@type\":\"ImageObject\",\"inLanguage\":\"fr-FR\",\"@id\":\"https:\/\/laundryloungecebu.ph\/our-story\/#primaryimage\",\"url\":\"https:\/\/laundryloungecebu.ph\/wp-content\/uploads\/2022\/04\/Laundry-Shop-Cebu.jpg\",\"contentUrl\":\"https:\/\/laundryloungecebu.ph\/wp-content\/uploads\/2022\/04\/Laundry-Shop-Cebu.jpg\"},{\"@type\":\"BreadcrumbList\",\"@id\":\"https:\/\/laundryloungecebu.ph\/our-story\/#breadcrumb\",\"itemListElement\":[{\"@type\":\"ListItem\",\"position\":1,\"name\":\"Home\",\"item\":\"https:\/\/laundryloungecebu.ph\/\"},{\"@type\":\"ListItem\",\"position\":2,\"name\":\"Our story\"}]},{\"@type\":\"WebSite\",\"@id\":\"https:\/\/laundryloungecebu.ph\/ko\/#website\",\"url\":\"https:\/\/laundryloungecebu.ph\/ko\/\",\"name\":\"Laundry Station Cebu\",\"description\":\"The Laundry Lounge Club\",\"potentialAction\":[{\"@type\":\"SearchAction\",\"target\":{\"@type\":\"EntryPoint\",\"urlTemplate\":\"https:\/\/laundryloungecebu.ph\/ko\/?s={search_term_string}\"},\"query-input\":{\"@type\":\"PropertyValueSpecification\",\"valueRequired\":true,\"valueName\":\"search_term_string\"}}],\"inLanguage\":\"fr-FR\"}]}<\/script>\n<!-- \/ Yoast SEO plugin. -->","yoast_head_json":{"title":"Our story - Laundry Station Cebu","robots":{"index":"index","follow":"follow","max-snippet":"max-snippet:-1","max-image-preview":"max-image-preview:large","max-video-preview":"max-video-preview:-1"},"canonical":"https:\/\/laundryloungecebu.ph\/fr\/our-story\/","og_locale":"fr_FR","og_type":"article","og_title":"Our story - Laundry Station Cebu","og_description":"A working family, who works from 7 am to 5 pm daily, coming home tired, finding ourselves cooking a meal and cleaning the house. Then comes the weekend, where we need to do hand laundry on a Saturday and ironing clothes on a Sunday. Why can\u2019t we be other people who enjoys the weekend on [&hellip;]","og_url":"https:\/\/laundryloungecebu.ph\/fr\/our-story\/","og_site_name":"Laundry Station Cebu","article_modified_time":"2025-07-26T12:44:33+00:00","og_image":[{"width":1440,"height":1800,"url":"https:\/\/laundryloungecebu.ph\/wp-content\/uploads\/2022\/04\/Laundry-Shop-Cebu.jpg","type":"image\/jpeg"}],"twitter_card":"summary_large_image","twitter_misc":{"Dur\u00e9e de lecture estim\u00e9e":"3 minutes"},"schema":{"@context":"https:\/\/schema.org","@graph":[{"@type":"WebPage","@id":"https:\/\/laundryloungecebu.ph\/our-story\/","url":"https:\/\/laundryloungecebu.ph\/our-story\/","name":"Our story - Laundry Station Cebu","isPartOf":{"@id":"https:\/\/laundryloungecebu.ph\/ko\/#website"},"primaryImageOfPage":{"@id":"https:\/\/laundryloungecebu.ph\/our-story\/#primaryimage"},"image":{"@id":"https:\/\/laundryloungecebu.ph\/our-story\/#primaryimage"},"thumbnailUrl":"https:\/\/laundryloungecebu.ph\/wp-content\/uploads\/2022\/04\/Laundry-Shop-Cebu.jpg","datePublished":"2022-04-12T07:23:13+00:00","dateModified":"2025-07-26T12:44:33+00:00","breadcrumb":{"@id":"https:\/\/laundryloungecebu.ph\/our-story\/#breadcrumb"},"inLanguage":"fr-FR","potentialAction":[{"@type":"ReadAction","target":["https:\/\/laundryloungecebu.ph\/our-story\/"]}]},{"@type":"ImageObject","inLanguage":"fr-FR","@id":"https:\/\/laundryloungecebu.ph\/our-story\/#primaryimage","url":"https:\/\/laundryloungecebu.ph\/wp-content\/uploads\/2022\/04\/Laundry-Shop-Cebu.jpg","contentUrl":"https:\/\/laundryloungecebu.ph\/wp-content\/uploads\/2022\/04\/Laundry-Shop-Cebu.jpg"},{"@type":"BreadcrumbList","@id":"https:\/\/laundryloungecebu.ph\/our-story\/#breadcrumb","itemListElement":[{"@type":"ListItem","position":1,"name":"Home","item":"https:\/\/laundryloungecebu.ph\/"},{"@type":"ListItem","position":2,"name":"Our story"}]},{"@type":"WebSite","@id":"https:\/\/laundryloungecebu.ph\/ko\/#website","url":"https:\/\/laundryloungecebu.ph\/ko\/","name":"Laundry Station Cebu","description":"The Laundry Lounge Club","potentialAction":[{"@type":"SearchAction","target":{"@type":"EntryPoint","urlTemplate":"https:\/\/laundryloungecebu.ph\/ko\/?s={search_term_string}"},"query-input":{"@type":"PropertyValueSpecification","valueRequired":true,"valueName":"search_term_string"}}],"inLanguage":"fr-FR"}]}},"_links":{"self":[{"href":"https:\/\/laundryloungecebu.ph\/fr\/wp-json\/wp\/v2\/pages\/1455","targetHints":{"allow":["GET"]}}],"collection":[{"href":"https:\/\/laundryloungecebu.ph\/fr\/wp-json\/wp\/v2\/pages"}],"about":[{"href":"https:\/\/laundryloungecebu.ph\/fr\/wp-json\/wp\/v2\/types\/page"}],"author":[{"embeddable":true,"href":"https:\/\/laundryloungecebu.ph\/fr\/wp-json\/wp\/v2\/users\/1"}],"replies":[{"embeddable":true,"href":"https:\/\/laundryloungecebu.ph\/fr\/wp-json\/wp\/v2\/comments?post=1455"}],"version-history":[{"count":9,"href":"https:\/\/laundryloungecebu.ph\/fr\/wp-json\/wp\/v2\/pages\/1455\/revisions"}],"predecessor-version":[{"id":1711,"href":"https:\/\/laundryloungecebu.ph\/fr\/wp-json\/wp\/v2\/pages\/1455\/revisions\/1711"}],"wp:attachment":[{"href":"https:\/\/laundryloungecebu.ph\/fr\/wp-json\/wp\/v2\/media?parent=1455"}],"curies":[{"name":"wp","href":"https:\/\/api.w.org\/{rel}","templated":true}]}}